{"id":2974,"date":"2023-04-12T17:03:13","date_gmt":"2023-04-12T17:03:13","guid":{"rendered":"https:\/\/gotta.ee\/dredging\/"},"modified":"2023-11-05T10:57:24","modified_gmt":"2023-11-05T10:57:24","slug":"suvendamine","status":"publish","type":"page","link":"https:\/\/gotta.ee\/et\/suvendamine\/","title":{"rendered":"S\u00fcvendamine"},"content":{"rendered":"<section class=\"l-section wpb_row us_custom_a518f36e us_animate_this height_large\"><div class=\"l-section-h i-cf\"><div class=\"g-cols vc_row via_flex valign_middle type_default stacking_default\" style=\"--additional-gap:2vw;\"><div class=\"vc_col-sm-6 wpb_column vc_column_container\"><div class=\"vc_column-inner\"><div class=\"wpb_wrapper\">[vc_custom_heading text=&#8221;Dredging&#8221; font_container=&#8221;tag:h1|text_align:left&#8221; use_theme_fonts=&#8221;yes&#8221;]<div class=\"w-separator size_small\"><\/div><div class=\"wpb_text_column us_custom_bbbea019\"><div class=\"wpb_wrapper\"><p>Teostame koos oma partnerettev\u00f5tetega igasuguseid s\u00fcvendus-, pinnasevormimis- ja meret\u00f6id, sealhulgas:<\/p>\n<\/div><\/div><div class=\"w-separator size_small\"><\/div><div class=\"wpb_text_column licolor\"><div class=\"wpb_wrapper\"><ul>\n<li>S\u00fcvendust\u00f6\u00f6d sadamates, j\u00f5gedes jne.<\/li>\n<li>Sadamate ja t\u00f6\u00f6stustsoonide territooriumide kujunemine;<\/li>\n<li>S\u00fcvendust\u00f6\u00f6d rannikualadel ja torustike paigaldamisel;<\/li>\n<li>Rannajoone kaitse l\u00e4bi mererandade taastamise.<\/li>\n<\/ul>\n<\/div><\/div><\/div><\/div><\/div><div class=\"vc_col-sm-6 wpb_column vc_column_container\"><div class=\"vc_column-inner\"><div class=\"wpb_wrapper\"><div class=\"w-image align_center\"><a ref=\"magnificPopup\" href=\"https:\/\/gotta.ee\/wp-content\/uploads\/2023\/04\/Depositphotos_621065604_XL-2-scaled.jpg\" aria-label=\"Viide\" class=\"w-image-h\"><img decoding=\"async\" width=\"2000\" height=\"1502\" src=\"https:\/\/gotta.ee\/wp-content\/uploads\/2023\/04\/Depositphotos_621065604_XL-2-scaled.jpg\" class=\"attachment-full size-full\" alt=\"\" loading=\"lazy\" srcset=\"https:\/\/gotta.ee\/wp-content\/uploads\/2023\/04\/Depositphotos_621065604_XL-2-scaled.jpg 2000w, https:\/\/gotta.ee\/wp-content\/uploads\/2023\/04\/Depositphotos_621065604_XL-2-300x225.jpg 300w, https:\/\/gotta.ee\/wp-content\/uploads\/2023\/04\/Depositphotos_621065604_XL-2-1024x769.jpg 1024w, https:\/\/gotta.ee\/wp-content\/uploads\/2023\/04\/Depositphotos_621065604_XL-2-600x451.jpg 600w\" sizes=\"auto, (max-width: 2000px) 100vw, 2000px\" \/><\/a><\/div><\/div><\/div><\/div><div class=\"vc_col-sm-12 wpb_column vc_column_container\"><div class=\"vc_column-inner\"><div class=\"wpb_wrapper\"><div class=\"wpb_text_column licolor\"><div class=\"wpb_wrapper\"><p>N\u00e4ited teostatud s\u00fcvendust\u00f6\u00f6dest:<\/p>\n<ul>\n<li>Aegna saare muuli s\u00fcvendusprojekt. Kogumaht oli 6000 kuupmeetrit;<\/li>\n<li>S\u00fcvendusprojekt muulil nr. 4 Tallinna Bekkeri sadamas.<\/li>\n<\/ul>\n<\/div><\/div><\/div><\/div><\/div><\/div><\/div><\/section>\n","protected":false},"excerpt":{"rendered":"[vc_custom_heading text=\"Dredging\" font_container=\"tag:h1|text_align:left\" use_theme_fonts=\"yes\"]Teostame koos oma partnerettev\u00f5tetega igasuguseid s\u00fcvendus-, pinnasevormimis- ja meret\u00f6id, sealhulgas: S\u00fcvendust\u00f6\u00f6d sadamates, j\u00f5gedes jne. Sadamate ja t\u00f6\u00f6stustsoonide territooriumide kujunemine; S\u00fcvendust\u00f6\u00f6d rannikualadel ja torustike paigaldamisel; Rannajoone kaitse l\u00e4bi mererandade taastamise. N\u00e4ited teostatud s\u00fcvendust\u00f6\u00f6dest: Aegna saare muuli s\u00fcvendusprojekt. Kogumaht oli 6000 kuupmeetrit; S\u00fcvendusprojekt muulil nr. 4 Tallinna Bekkeri sadamas.","protected":false},"author":1,"featured_media":2861,"parent":0,"menu_order":0,"comment_status":"closed","ping_status":"closed","template":"","meta":{"footnotes":""},"class_list":["post-2974","page","type-page","status-publish","has-post-thumbnail","hentry"],"yoast_head":"<!-- This site is optimized with the Yoast SEO plugin v27.2 - https:\/\/yoast.com\/product\/yoast-seo-wordpress\/ -->\n<title>S\u00fcvendamine - GOTTA Port Services<\/title>\n<meta name=\"robots\" content=\"index, follow, max-snippet:-1, max-image-preview:large, max-video-preview:-1\" \/>\n<link rel=\"canonical\" href=\"https:\/\/gotta.ee\/et\/suvendamine\/\" \/>\n<meta property=\"og:locale\" content=\"et_EE\" \/>\n<meta property=\"og:type\" content=\"article\" \/>\n<meta property=\"og:title\" content=\"S\u00fcvendamine - GOTTA Port Services\" \/>\n<meta property=\"og:url\" content=\"https:\/\/gotta.ee\/et\/suvendamine\/\" \/>\n<meta property=\"og:site_name\" content=\"GOTTA Port Services\" \/>\n<meta property=\"article:publisher\" content=\"https:\/\/www.facebook.com\/profile.php?id=61550886191645\" \/>\n<meta property=\"article:modified_time\" content=\"2023-11-05T10:57:24+00:00\" \/>\n<meta property=\"og:image\" content=\"https:\/\/gotta.ee\/wp-content\/uploads\/2023\/04\/Depositphotos_621065604_XL-2-scaled.jpg\" \/>\n\t<meta property=\"og:image:width\" content=\"2000\" \/>\n\t<meta property=\"og:image:height\" content=\"1502\" \/>\n\t<meta property=\"og:image:type\" content=\"image\/jpeg\" \/>\n<meta name=\"twitter:card\" content=\"summary_large_image\" \/>\n<meta name=\"twitter:label1\" content=\"Est. reading time\" \/>\n\t<meta name=\"twitter:data1\" content=\"1 minut\" \/>\n<script type=\"application\/ld+json\" class=\"yoast-schema-graph\">{\"@context\":\"https:\/\/schema.org\",\"@graph\":[{\"@type\":\"WebPage\",\"@id\":\"https:\/\/gotta.ee\/et\/suvendamine\/\",\"url\":\"https:\/\/gotta.ee\/et\/suvendamine\/\",\"name\":\"S\u00fcvendamine - GOTTA Port Services\",\"isPartOf\":{\"@id\":\"https:\/\/gotta.ee\/#website\"},\"primaryImageOfPage\":{\"@id\":\"https:\/\/gotta.ee\/et\/suvendamine\/#primaryimage\"},\"image\":{\"@id\":\"https:\/\/gotta.ee\/et\/suvendamine\/#primaryimage\"},\"thumbnailUrl\":\"https:\/\/gotta.ee\/wp-content\/uploads\/2023\/04\/Depositphotos_621065604_XL-2-scaled.jpg\",\"datePublished\":\"2023-04-12T17:03:13+00:00\",\"dateModified\":\"2023-11-05T10:57:24+00:00\",\"breadcrumb\":{\"@id\":\"https:\/\/gotta.ee\/et\/suvendamine\/#breadcrumb\"},\"inLanguage\":\"et\",\"potentialAction\":[{\"@type\":\"ReadAction\",\"target\":[\"https:\/\/gotta.ee\/et\/suvendamine\/\"]}]},{\"@type\":\"ImageObject\",\"inLanguage\":\"et\",\"@id\":\"https:\/\/gotta.ee\/et\/suvendamine\/#primaryimage\",\"url\":\"https:\/\/gotta.ee\/wp-content\/uploads\/2023\/04\/Depositphotos_621065604_XL-2-scaled.jpg\",\"contentUrl\":\"https:\/\/gotta.ee\/wp-content\/uploads\/2023\/04\/Depositphotos_621065604_XL-2-scaled.jpg\",\"width\":2000,\"height\":1502},{\"@type\":\"BreadcrumbList\",\"@id\":\"https:\/\/gotta.ee\/et\/suvendamine\/#breadcrumb\",\"itemListElement\":[{\"@type\":\"ListItem\",\"position\":1,\"name\":\"Home\",\"item\":\"https:\/\/gotta.ee\/et\/\"},{\"@type\":\"ListItem\",\"position\":2,\"name\":\"S\u00fcvendamine\"}]},{\"@type\":\"WebSite\",\"@id\":\"https:\/\/gotta.ee\/#website\",\"url\":\"https:\/\/gotta.ee\/\",\"name\":\"GOTTA Port Services\",\"description\":\"\",\"publisher\":{\"@id\":\"https:\/\/gotta.ee\/#organization\"},\"potentialAction\":[{\"@type\":\"SearchAction\",\"target\":{\"@type\":\"EntryPoint\",\"urlTemplate\":\"https:\/\/gotta.ee\/?s={search_term_string}\"},\"query-input\":{\"@type\":\"PropertyValueSpecification\",\"valueRequired\":true,\"valueName\":\"search_term_string\"}}],\"inLanguage\":\"et\"},{\"@type\":\"Organization\",\"@id\":\"https:\/\/gotta.ee\/#organization\",\"name\":\"Gotta Port Services O\u00dc\",\"url\":\"https:\/\/gotta.ee\/\",\"logo\":{\"@type\":\"ImageObject\",\"inLanguage\":\"et\",\"@id\":\"https:\/\/gotta.ee\/#\/schema\/logo\/image\/\",\"url\":\"https:\/\/gotta.ee\/wp-content\/uploads\/2023\/03\/gotta.svg\",\"contentUrl\":\"https:\/\/gotta.ee\/wp-content\/uploads\/2023\/03\/gotta.svg\",\"width\":\"1024\",\"height\":\"1024\",\"caption\":\"Gotta Port Services O\u00dc\"},\"image\":{\"@id\":\"https:\/\/gotta.ee\/#\/schema\/logo\/image\/\"},\"sameAs\":[\"https:\/\/www.facebook.com\/profile.php?id=61550886191645\",\"https:\/\/www.linkedin.com\/company\/gotta-port-services\/\",\"https:\/\/www.instagram.com\/gottaps\/\"]}]}<\/script>\n<!-- \/ Yoast SEO plugin. -->","yoast_head_json":{"title":"S\u00fcvendamine - GOTTA Port Services","robots":{"index":"index","follow":"follow","max-snippet":"max-snippet:-1","max-image-preview":"max-image-preview:large","max-video-preview":"max-video-preview:-1"},"canonical":"https:\/\/gotta.ee\/et\/suvendamine\/","og_locale":"et_EE","og_type":"article","og_title":"S\u00fcvendamine - GOTTA Port Services","og_url":"https:\/\/gotta.ee\/et\/suvendamine\/","og_site_name":"GOTTA Port Services","article_publisher":"https:\/\/www.facebook.com\/profile.php?id=61550886191645","article_modified_time":"2023-11-05T10:57:24+00:00","og_image":[{"width":2000,"height":1502,"url":"https:\/\/gotta.ee\/wp-content\/uploads\/2023\/04\/Depositphotos_621065604_XL-2-scaled.jpg","type":"image\/jpeg"}],"twitter_card":"summary_large_image","twitter_misc":{"Est. reading time":"1 minut"},"schema":{"@context":"https:\/\/schema.org","@graph":[{"@type":"WebPage","@id":"https:\/\/gotta.ee\/et\/suvendamine\/","url":"https:\/\/gotta.ee\/et\/suvendamine\/","name":"S\u00fcvendamine - GOTTA Port Services","isPartOf":{"@id":"https:\/\/gotta.ee\/#website"},"primaryImageOfPage":{"@id":"https:\/\/gotta.ee\/et\/suvendamine\/#primaryimage"},"image":{"@id":"https:\/\/gotta.ee\/et\/suvendamine\/#primaryimage"},"thumbnailUrl":"https:\/\/gotta.ee\/wp-content\/uploads\/2023\/04\/Depositphotos_621065604_XL-2-scaled.jpg","datePublished":"2023-04-12T17:03:13+00:00","dateModified":"2023-11-05T10:57:24+00:00","breadcrumb":{"@id":"https:\/\/gotta.ee\/et\/suvendamine\/#breadcrumb"},"inLanguage":"et","potentialAction":[{"@type":"ReadAction","target":["https:\/\/gotta.ee\/et\/suvendamine\/"]}]},{"@type":"ImageObject","inLanguage":"et","@id":"https:\/\/gotta.ee\/et\/suvendamine\/#primaryimage","url":"https:\/\/gotta.ee\/wp-content\/uploads\/2023\/04\/Depositphotos_621065604_XL-2-scaled.jpg","contentUrl":"https:\/\/gotta.ee\/wp-content\/uploads\/2023\/04\/Depositphotos_621065604_XL-2-scaled.jpg","width":2000,"height":1502},{"@type":"BreadcrumbList","@id":"https:\/\/gotta.ee\/et\/suvendamine\/#breadcrumb","itemListElement":[{"@type":"ListItem","position":1,"name":"Home","item":"https:\/\/gotta.ee\/et\/"},{"@type":"ListItem","position":2,"name":"S\u00fcvendamine"}]},{"@type":"WebSite","@id":"https:\/\/gotta.ee\/#website","url":"https:\/\/gotta.ee\/","name":"GOTTA Port Services","description":"","publisher":{"@id":"https:\/\/gotta.ee\/#organization"},"potentialAction":[{"@type":"SearchAction","target":{"@type":"EntryPoint","urlTemplate":"https:\/\/gotta.ee\/?s={search_term_string}"},"query-input":{"@type":"PropertyValueSpecification","valueRequired":true,"valueName":"search_term_string"}}],"inLanguage":"et"},{"@type":"Organization","@id":"https:\/\/gotta.ee\/#organization","name":"Gotta Port Services O\u00dc","url":"https:\/\/gotta.ee\/","logo":{"@type":"ImageObject","inLanguage":"et","@id":"https:\/\/gotta.ee\/#\/schema\/logo\/image\/","url":"https:\/\/gotta.ee\/wp-content\/uploads\/2023\/03\/gotta.svg","contentUrl":"https:\/\/gotta.ee\/wp-content\/uploads\/2023\/03\/gotta.svg","width":"1024","height":"1024","caption":"Gotta Port Services O\u00dc"},"image":{"@id":"https:\/\/gotta.ee\/#\/schema\/logo\/image\/"},"sameAs":["https:\/\/www.facebook.com\/profile.php?id=61550886191645","https:\/\/www.linkedin.com\/company\/gotta-port-services\/","https:\/\/www.instagram.com\/gottaps\/"]}]}},"_links":{"self":[{"href":"https:\/\/gotta.ee\/et\/wp-json\/wp\/v2\/pages\/2974","targetHints":{"allow":["GET"]}}],"collection":[{"href":"https:\/\/gotta.ee\/et\/wp-json\/wp\/v2\/pages"}],"about":[{"href":"https:\/\/gotta.ee\/et\/wp-json\/wp\/v2\/types\/page"}],"author":[{"embeddable":true,"href":"https:\/\/gotta.ee\/et\/wp-json\/wp\/v2\/users\/1"}],"replies":[{"embeddable":true,"href":"https:\/\/gotta.ee\/et\/wp-json\/wp\/v2\/comments?post=2974"}],"version-history":[{"count":2,"href":"https:\/\/gotta.ee\/et\/wp-json\/wp\/v2\/pages\/2974\/revisions"}],"predecessor-version":[{"id":2998,"href":"https:\/\/gotta.ee\/et\/wp-json\/wp\/v2\/pages\/2974\/revisions\/2998"}],"wp:featuredmedia":[{"embeddable":true,"href":"https:\/\/gotta.ee\/et\/wp-json\/wp\/v2\/media\/2861"}],"wp:attachment":[{"href":"https:\/\/gotta.ee\/et\/wp-json\/wp\/v2\/media?parent=2974"}],"curies":[{"name":"wp","href":"https:\/\/api.w.org\/{rel}","templated":true}]}}