{"id":2978,"date":"2023-04-15T06:02:51","date_gmt":"2023-04-15T06:02:51","guid":{"rendered":"https:\/\/gotta.ee\/harbours-development\/"},"modified":"2023-11-09T19:33:04","modified_gmt":"2023-11-09T19:33:04","slug":"sadama-areng","status":"publish","type":"page","link":"https:\/\/gotta.ee\/et\/sadama-areng\/","title":{"rendered":"Sadama areng"},"content":{"rendered":"<section class=\"l-section wpb_row us_custom_a518f36e us_animate_this height_large\"><div class=\"l-section-h i-cf\"><div class=\"g-cols vc_row via_flex valign_top type_default stacking_default\" style=\"--additional-gap:2vw;\"><div class=\"vc_col-sm-12 wpb_column vc_column_container\"><div class=\"vc_column-inner\"><div class=\"wpb_wrapper\">[vc_custom_heading text=&#8221;Sadama areng&#8221; font_container=&#8221;tag:h1|text_align:left&#8221; use_theme_fonts=&#8221;yes&#8221;]<div class=\"w-separator size_small\"><\/div><div class=\"wpb_text_column us_custom_bbbea019\"><div class=\"wpb_wrapper\"><p>Meie teenused jagunevad kahte p\u00f5hisegmenti: ehitust\u00f6\u00f6d ja sadamate \u201cv\u00f5tmed-k\u00e4tte\u201d navigatsiooniseadmete projektide v\u00e4ljat\u00f6\u00f6tamine. See h\u00f5lmab ka:<\/p>\n<ul>\n<li>M\u00f5\u00f5distamine ja h\u00fcdrograafiateenus sadamas ja l\u00e4henemistel<\/li>\n<li>Navigatsiooniseadmete projekti koostamine<\/li>\n<li>Navigatsiooniseadmete paigaldus ja hooldus<\/li>\n<li>Sadama h\u00fcdrokonstruktsioonide (veepealsed ja -alused osad) \u00fclevaatus ja remont<\/li>\n<li>Automaatika- ja seires\u00fcsteemide projekteerimine ja paigaldus<\/li>\n<\/ul>\n<\/div><\/div><div class=\"w-separator size_small\"><\/div><div class=\"wpb_text_column licolor\"><div class=\"wpb_wrapper\"><p>N\u00e4ited teostatud ehitust\u00f6\u00f6dest:<\/p>\n<\/div><\/div><div class=\"w-separator size_small\"><\/div><div class=\"w-iconbox iconpos_left style_default color_primary align_left no_title\"><div class=\"w-iconbox-icon\" style=\"font-size:1.2rem;\"><i class=\"fal fa-ship\"><\/i><\/div><div class=\"w-iconbox-meta\"><div class=\"w-iconbox-text\"><p>Laevade ja paatide ajutine muuli ehitus Eesti Keri saarel koos juurdep\u00e4\u00e4sutee ja graniitkivide ladumisega.<br \/>\nPikkus: 25 meetrit; S\u00fcgavus: 2,5 meetrit; T\u00e4iendav juurdep\u00e4\u00e4sutee: 70 meetrit.<\/p>\n<\/div><\/div><\/div><div class=\"w-grid us_custom_ea7c1847 type_grid layout_2345 cols_2 overflow_hidden with_css_animation\" id=\"us_grid_1\" style=\"--columns:2;--gap:0.7rem;\" data-filterable=\"true\"><style>.layout_2345 .w-grid-item-h{}.layout_2345 .usg_post_image_1{transition-duration:0.3s;transform-origin:50% 50%;transform:scale(1) translate(0%,0%)}.layout_2345 .w-grid-item-h:focus-within .usg_post_image_1,.layout_2345 .w-grid-item-h:hover .usg_post_image_1{transform:scale(1.1) translate(0%,0%);opacity:1}.layout_2345 .usg_post_image_1{border-radius:0.3em!important}<\/style><div class=\"w-grid-list\">\t<article class=\"w-grid-item us_animate_fade size_1x1 post-2838 attachment type-attachment status-inherit hentry\" data-id=\"2838\" style=\"animation-delay:0s\">\n\t\t<div class=\"w-grid-item-h\">\n\t\t\t\t\t\t<div class=\"w-post-elm post_image usg_post_image_1 has_ratio\"><a ref=\"magnificPopup\" href=\"https:\/\/gotta.ee\/wp-content\/uploads\/2023\/04\/Keri-6-scaled.jpg\" aria-label=\"Keri 6\"><img loading=\"lazy\" decoding=\"async\" width=\"768\" height=\"1024\" src=\"https:\/\/gotta.ee\/wp-content\/uploads\/2023\/04\/Keri-6-768x1024.jpg\" class=\"attachment-large size-large\" alt=\"\" \/><\/a><div style=\"padding-bottom:100%\"><\/div><\/div>\t\t<\/div>\n\t\t\t<\/article>\n\t<article class=\"w-grid-item us_animate_fade size_1x1 post-2839 attachment type-attachment status-inherit hentry\" data-id=\"2839\" style=\"animation-delay:0.1s\">\n\t\t<div class=\"w-grid-item-h\">\n\t\t\t\t\t\t<div class=\"w-post-elm post_image usg_post_image_1 has_ratio\"><a ref=\"magnificPopup\" href=\"https:\/\/gotta.ee\/wp-content\/uploads\/2023\/04\/Keri-9-scaled.jpg\" aria-label=\"Keri 9\"><img loading=\"lazy\" decoding=\"async\" width=\"768\" height=\"1024\" src=\"https:\/\/gotta.ee\/wp-content\/uploads\/2023\/04\/Keri-9-768x1024.jpg\" class=\"attachment-large size-large\" alt=\"\" \/><\/a><div style=\"padding-bottom:100%\"><\/div><\/div>\t\t<\/div>\n\t\t\t<\/article>\n<\/div><div class=\"w-grid-preloader\">\t<div class=\"g-preloader type_1\">\n\t\t<div><\/div>\n\t<\/div>\n\t<\/div>\t<div class=\"w-grid-json hidden\" onclick='return {&quot;action&quot;:&quot;us_ajax_grid&quot;,&quot;infinite_scroll&quot;:0,&quot;max_num_pages&quot;:1,&quot;pagination&quot;:&quot;none&quot;,&quot;template_vars&quot;:{&quot;columns&quot;:&quot;2&quot;,&quot;exclude_items&quot;:&quot;none&quot;,&quot;img_size&quot;:&quot;default&quot;,&quot;ignore_items_size&quot;:0,&quot;items_layout&quot;:&quot;2345&quot;,&quot;items_offset&quot;:&quot;1&quot;,&quot;load_animation&quot;:&quot;fade&quot;,&quot;overriding_link&quot;:&quot;%7B%22url%22%3A%22%22%7D&quot;,&quot;post_id&quot;:0,&quot;query_args&quot;:{&quot;post_type&quot;:[&quot;attachment&quot;],&quot;post__in&quot;:[&quot;2419&quot;,&quot;2420&quot;],&quot;post_status&quot;:&quot;inherit&quot;,&quot;post_mime_type&quot;:&quot;image&quot;,&quot;posts_per_page&quot;:999},&quot;orderby_query_args&quot;:{&quot;orderby&quot;:{&quot;post__in&quot;:&quot;ASC&quot;},&quot;order&quot;:&quot;ASC&quot;},&quot;type&quot;:&quot;grid&quot;,&quot;us_grid_post_type&quot;:&quot;attachment&quot;,&quot;us_grid_ajax_index&quot;:1,&quot;us_grid_filter_query_string&quot;:null,&quot;us_grid_index&quot;:1,&quot;page_args&quot;:[],&quot;lang&quot;:&quot;et&quot;}}'><\/div>\n\t<\/div><div class=\"w-iconbox iconpos_left style_default color_primary align_left no_title\"><div class=\"w-iconbox-icon\" style=\"font-size:1.2rem;\"><i class=\"fal fa-ship\"><\/i><\/div><div class=\"w-iconbox-meta\"><div class=\"w-iconbox-text\"><p>Tallinna Bekkeri sadama muuli nr 4 rekonstrueerimine, mis h\u00f5lmas betoonplaatide tootmist ja paigaldust, s\u00fcvendust\u00f6id ja veealust betoneerimist. Kogumaht oli 170 lineaarmeetrit.<\/p>\n<\/div><\/div><\/div><div class=\"w-grid us_custom_ea7c1847 type_grid layout_2345 cols_2 overflow_hidden with_css_animation\" id=\"us_grid_2\" style=\"--columns:2;--gap:0.7rem;\" data-filterable=\"true\"><div class=\"w-grid-list\">\t<article class=\"w-grid-item us_animate_fade size_1x1 post-2865 attachment type-attachment status-inherit hentry\" data-id=\"2865\" style=\"animation-delay:0s\">\n\t\t<div class=\"w-grid-item-h\">\n\t\t\t\t\t\t<div class=\"w-post-elm post_image usg_post_image_1 has_ratio\"><a ref=\"magnificPopup\" href=\"https:\/\/gotta.ee\/wp-content\/uploads\/2023\/04\/Reconstruction-of-pier-nr.-4-2.jpg\" aria-label><img loading=\"lazy\" decoding=\"async\" width=\"1024\" height=\"437\" src=\"https:\/\/gotta.ee\/wp-content\/uploads\/2023\/04\/Reconstruction-of-pier-nr.-4-2-1024x437.jpg\" class=\"attachment-large size-large\" alt=\"\" \/><\/a><div style=\"padding-bottom:100%\"><\/div><\/div>\t\t<\/div>\n\t\t\t<\/article>\n\t<article class=\"w-grid-item us_animate_fade size_1x1 post-2929 attachment type-attachment status-inherit hentry\" data-id=\"2929\" style=\"animation-delay:0.1s\">\n\t\t<div class=\"w-grid-item-h\">\n\t\t\t\t\t\t<div class=\"w-post-elm post_image usg_post_image_1 has_ratio\"><a ref=\"magnificPopup\" href=\"https:\/\/gotta.ee\/wp-content\/uploads\/2023\/05\/Screen-Shot-2023-04-21-at-09.09.55.png\" aria-label=\"Screen Shot 2023-04-21 at 09.09.55\"><img loading=\"lazy\" decoding=\"async\" width=\"1024\" height=\"533\" src=\"https:\/\/gotta.ee\/wp-content\/uploads\/2023\/05\/Screen-Shot-2023-04-21-at-09.09.55-1024x533.png\" class=\"attachment-large size-large\" alt=\"\" \/><\/a><div style=\"padding-bottom:100%\"><\/div><\/div>\t\t<\/div>\n\t\t\t<\/article>\n<\/div><div class=\"w-grid-preloader\">\t<div class=\"g-preloader type_1\">\n\t\t<div><\/div>\n\t<\/div>\n\t<\/div>\t<div class=\"w-grid-json hidden\" onclick='return {&quot;action&quot;:&quot;us_ajax_grid&quot;,&quot;infinite_scroll&quot;:0,&quot;max_num_pages&quot;:1,&quot;pagination&quot;:&quot;none&quot;,&quot;template_vars&quot;:{&quot;columns&quot;:&quot;2&quot;,&quot;exclude_items&quot;:&quot;none&quot;,&quot;img_size&quot;:&quot;default&quot;,&quot;ignore_items_size&quot;:0,&quot;items_layout&quot;:&quot;2345&quot;,&quot;items_offset&quot;:&quot;1&quot;,&quot;load_animation&quot;:&quot;fade&quot;,&quot;overriding_link&quot;:&quot;{\\&quot;url\\&quot;:\\&quot;\\&quot;}&quot;,&quot;post_id&quot;:0,&quot;query_args&quot;:{&quot;post_type&quot;:[&quot;attachment&quot;],&quot;post__in&quot;:[&quot;2599&quot;,&quot;2773&quot;],&quot;post_status&quot;:&quot;inherit&quot;,&quot;post_mime_type&quot;:&quot;image&quot;,&quot;posts_per_page&quot;:999},&quot;orderby_query_args&quot;:{&quot;orderby&quot;:{&quot;post__in&quot;:&quot;ASC&quot;},&quot;order&quot;:&quot;ASC&quot;},&quot;type&quot;:&quot;grid&quot;,&quot;us_grid_post_type&quot;:&quot;attachment&quot;,&quot;us_grid_ajax_index&quot;:2,&quot;us_grid_filter_query_string&quot;:null,&quot;us_grid_index&quot;:2,&quot;page_args&quot;:[],&quot;lang&quot;:&quot;et&quot;}}'><\/div>\n\t<\/div><div class=\"w-iconbox iconpos_left style_default color_primary align_left no_title\"><div class=\"w-iconbox-icon\" style=\"font-size:1.2rem;\"><i class=\"fal fa-ship\"><\/i><\/div><div class=\"w-iconbox-meta\"><div class=\"w-iconbox-text\"><p>Aegna saare muuli renoveerimine, mis h\u00f5lmas betoonit\u00f6id ning poritiibade remonti ja paigaldust.<\/p>\n<\/div><\/div><\/div><div class=\"w-grid us_custom_ea7c1847 type_grid layout_2345 cols_2 overflow_hidden with_css_animation\" id=\"us_grid_3\" style=\"--columns:2;--gap:0.7rem;\" data-filterable=\"true\"><div class=\"w-grid-list\">\t<article class=\"w-grid-item us_animate_fade size_1x1 post-2841 attachment type-attachment status-inherit hentry\" data-id=\"2841\" style=\"animation-delay:0s\">\n\t\t<div class=\"w-grid-item-h\">\n\t\t\t\t\t\t<div class=\"w-post-elm post_image usg_post_image_1 has_ratio\"><a ref=\"magnificPopup\" href=\"https:\/\/gotta.ee\/wp-content\/uploads\/2023\/04\/Aegna-6-scaled.jpg\" aria-label=\"Aegna 6\"><img loading=\"lazy\" decoding=\"async\" width=\"1024\" height=\"576\" src=\"https:\/\/gotta.ee\/wp-content\/uploads\/2023\/04\/Aegna-6-1024x576.jpg\" class=\"attachment-large size-large\" alt=\"\" \/><\/a><div style=\"padding-bottom:100%\"><\/div><\/div>\t\t<\/div>\n\t\t\t<\/article>\n\t<article class=\"w-grid-item us_animate_fade size_1x1 post-2840 attachment type-attachment status-inherit hentry\" data-id=\"2840\" style=\"animation-delay:0.1s\">\n\t\t<div class=\"w-grid-item-h\">\n\t\t\t\t\t\t<div class=\"w-post-elm post_image usg_post_image_1 has_ratio\"><a ref=\"magnificPopup\" href=\"https:\/\/gotta.ee\/wp-content\/uploads\/2023\/04\/Aegna-4-scaled.jpg\" aria-label=\"Aegna 4\"><img loading=\"lazy\" decoding=\"async\" width=\"768\" height=\"1024\" src=\"https:\/\/gotta.ee\/wp-content\/uploads\/2023\/04\/Aegna-4-768x1024.jpg\" class=\"attachment-large size-large\" alt=\"\" \/><\/a><div style=\"padding-bottom:100%\"><\/div><\/div>\t\t<\/div>\n\t\t\t<\/article>\n<\/div><div class=\"w-grid-preloader\">\t<div class=\"g-preloader type_1\">\n\t\t<div><\/div>\n\t<\/div>\n\t<\/div>\t<div class=\"w-grid-json hidden\" onclick='return {&quot;action&quot;:&quot;us_ajax_grid&quot;,&quot;infinite_scroll&quot;:0,&quot;max_num_pages&quot;:1,&quot;pagination&quot;:&quot;none&quot;,&quot;template_vars&quot;:{&quot;columns&quot;:&quot;2&quot;,&quot;exclude_items&quot;:&quot;none&quot;,&quot;img_size&quot;:&quot;default&quot;,&quot;ignore_items_size&quot;:0,&quot;items_layout&quot;:&quot;2345&quot;,&quot;items_offset&quot;:&quot;1&quot;,&quot;load_animation&quot;:&quot;fade&quot;,&quot;overriding_link&quot;:&quot;{\\&quot;url\\&quot;:\\&quot;\\&quot;}&quot;,&quot;post_id&quot;:0,&quot;query_args&quot;:{&quot;post_type&quot;:[&quot;attachment&quot;],&quot;post__in&quot;:[&quot;2430&quot;,&quot;2429&quot;],&quot;post_status&quot;:&quot;inherit&quot;,&quot;post_mime_type&quot;:&quot;image&quot;,&quot;posts_per_page&quot;:999},&quot;orderby_query_args&quot;:{&quot;orderby&quot;:{&quot;post__in&quot;:&quot;ASC&quot;},&quot;order&quot;:&quot;ASC&quot;},&quot;type&quot;:&quot;grid&quot;,&quot;us_grid_post_type&quot;:&quot;attachment&quot;,&quot;us_grid_ajax_index&quot;:3,&quot;us_grid_filter_query_string&quot;:null,&quot;us_grid_index&quot;:3,&quot;page_args&quot;:[],&quot;lang&quot;:&quot;et&quot;}}'><\/div>\n\t<\/div><div class=\"w-separator size_small\"><\/div><div class=\"w-separator size_small\"><\/div>[vc_custom_heading text=&#8221;N\u00e4ited projekti arendusest, seadmete tarnimisest, seadmete paigaldamisest ja hooldusest j\u00e4rgmistes sadamates:&#8221; font_container=&#8221;tag:h3|text_align:left&#8221; use_theme_fonts=&#8221;yes&#8221;]<div class=\"w-separator size_small\"><\/div>[vc_raw_html]JTVCd3BnbXphJTIwaWQlM0QlMjIzJTIyJTVE[\/vc_raw_html]<\/div><\/div><\/div><\/div><\/div><\/section>\n","protected":false},"excerpt":{"rendered":"","protected":false},"author":1,"featured_media":2838,"parent":0,"menu_order":0,"comment_status":"closed","ping_status":"closed","template":"","meta":{"footnotes":""},"class_list":["post-2978","page","type-page","status-publish","has-post-thumbnail","hentry"],"yoast_head":"<!-- This site is optimized with the Yoast SEO plugin v27.2 - https:\/\/yoast.com\/product\/yoast-seo-wordpress\/ -->\n<title>Sadama areng - GOTTA Port Services<\/title>\n<meta name=\"robots\" content=\"index, follow, max-snippet:-1, max-image-preview:large, max-video-preview:-1\" \/>\n<link rel=\"canonical\" href=\"https:\/\/gotta.ee\/et\/sadama-areng\/\" \/>\n<meta property=\"og:locale\" content=\"et_EE\" \/>\n<meta property=\"og:type\" content=\"article\" \/>\n<meta property=\"og:title\" content=\"Sadama areng - GOTTA Port Services\" \/>\n<meta property=\"og:url\" content=\"https:\/\/gotta.ee\/et\/sadama-areng\/\" \/>\n<meta property=\"og:site_name\" content=\"GOTTA Port Services\" \/>\n<meta property=\"article:publisher\" content=\"https:\/\/www.facebook.com\/profile.php?id=61550886191645\" \/>\n<meta property=\"article:modified_time\" content=\"2023-11-09T19:33:04+00:00\" \/>\n<meta property=\"og:image\" content=\"https:\/\/gotta.ee\/wp-content\/uploads\/2023\/04\/Keri-6-scaled.jpg\" \/>\n\t<meta property=\"og:image:width\" content=\"1500\" \/>\n\t<meta property=\"og:image:height\" content=\"2000\" \/>\n\t<meta property=\"og:image:type\" content=\"image\/jpeg\" \/>\n<meta name=\"twitter:card\" content=\"summary_large_image\" \/>\n<meta name=\"twitter:label1\" content=\"Est. reading time\" \/>\n\t<meta name=\"twitter:data1\" content=\"2 minutit\" \/>\n<script type=\"application\/ld+json\" class=\"yoast-schema-graph\">{\"@context\":\"https:\/\/schema.org\",\"@graph\":[{\"@type\":\"WebPage\",\"@id\":\"https:\/\/gotta.ee\/et\/sadama-areng\/\",\"url\":\"https:\/\/gotta.ee\/et\/sadama-areng\/\",\"name\":\"Sadama areng - GOTTA Port Services\",\"isPartOf\":{\"@id\":\"https:\/\/gotta.ee\/#website\"},\"primaryImageOfPage\":{\"@id\":\"https:\/\/gotta.ee\/et\/sadama-areng\/#primaryimage\"},\"image\":{\"@id\":\"https:\/\/gotta.ee\/et\/sadama-areng\/#primaryimage\"},\"thumbnailUrl\":\"https:\/\/gotta.ee\/wp-content\/uploads\/2023\/04\/Keri-6-scaled.jpg\",\"datePublished\":\"2023-04-15T06:02:51+00:00\",\"dateModified\":\"2023-11-09T19:33:04+00:00\",\"breadcrumb\":{\"@id\":\"https:\/\/gotta.ee\/et\/sadama-areng\/#breadcrumb\"},\"inLanguage\":\"et\",\"potentialAction\":[{\"@type\":\"ReadAction\",\"target\":[\"https:\/\/gotta.ee\/et\/sadama-areng\/\"]}]},{\"@type\":\"ImageObject\",\"inLanguage\":\"et\",\"@id\":\"https:\/\/gotta.ee\/et\/sadama-areng\/#primaryimage\",\"url\":\"https:\/\/gotta.ee\/wp-content\/uploads\/2023\/04\/Keri-6-scaled.jpg\",\"contentUrl\":\"https:\/\/gotta.ee\/wp-content\/uploads\/2023\/04\/Keri-6-scaled.jpg\",\"width\":1500,\"height\":2000},{\"@type\":\"BreadcrumbList\",\"@id\":\"https:\/\/gotta.ee\/et\/sadama-areng\/#breadcrumb\",\"itemListElement\":[{\"@type\":\"ListItem\",\"position\":1,\"name\":\"Home\",\"item\":\"https:\/\/gotta.ee\/et\/\"},{\"@type\":\"ListItem\",\"position\":2,\"name\":\"Sadama areng\"}]},{\"@type\":\"WebSite\",\"@id\":\"https:\/\/gotta.ee\/#website\",\"url\":\"https:\/\/gotta.ee\/\",\"name\":\"GOTTA Port Services\",\"description\":\"\",\"publisher\":{\"@id\":\"https:\/\/gotta.ee\/#organization\"},\"potentialAction\":[{\"@type\":\"SearchAction\",\"target\":{\"@type\":\"EntryPoint\",\"urlTemplate\":\"https:\/\/gotta.ee\/?s={search_term_string}\"},\"query-input\":{\"@type\":\"PropertyValueSpecification\",\"valueRequired\":true,\"valueName\":\"search_term_string\"}}],\"inLanguage\":\"et\"},{\"@type\":\"Organization\",\"@id\":\"https:\/\/gotta.ee\/#organization\",\"name\":\"Gotta Port Services O\u00dc\",\"url\":\"https:\/\/gotta.ee\/\",\"logo\":{\"@type\":\"ImageObject\",\"inLanguage\":\"et\",\"@id\":\"https:\/\/gotta.ee\/#\/schema\/logo\/image\/\",\"url\":\"https:\/\/gotta.ee\/wp-content\/uploads\/2023\/03\/gotta.svg\",\"contentUrl\":\"https:\/\/gotta.ee\/wp-content\/uploads\/2023\/03\/gotta.svg\",\"width\":\"1024\",\"height\":\"1024\",\"caption\":\"Gotta Port Services O\u00dc\"},\"image\":{\"@id\":\"https:\/\/gotta.ee\/#\/schema\/logo\/image\/\"},\"sameAs\":[\"https:\/\/www.facebook.com\/profile.php?id=61550886191645\",\"https:\/\/www.linkedin.com\/company\/gotta-port-services\/\",\"https:\/\/www.instagram.com\/gottaps\/\"]}]}<\/script>\n<!-- \/ Yoast SEO plugin. -->","yoast_head_json":{"title":"Sadama areng - GOTTA Port Services","robots":{"index":"index","follow":"follow","max-snippet":"max-snippet:-1","max-image-preview":"max-image-preview:large","max-video-preview":"max-video-preview:-1"},"canonical":"https:\/\/gotta.ee\/et\/sadama-areng\/","og_locale":"et_EE","og_type":"article","og_title":"Sadama areng - GOTTA Port Services","og_url":"https:\/\/gotta.ee\/et\/sadama-areng\/","og_site_name":"GOTTA Port Services","article_publisher":"https:\/\/www.facebook.com\/profile.php?id=61550886191645","article_modified_time":"2023-11-09T19:33:04+00:00","og_image":[{"width":1500,"height":2000,"url":"https:\/\/gotta.ee\/wp-content\/uploads\/2023\/04\/Keri-6-scaled.jpg","type":"image\/jpeg"}],"twitter_card":"summary_large_image","twitter_misc":{"Est. reading time":"2 minutit"},"schema":{"@context":"https:\/\/schema.org","@graph":[{"@type":"WebPage","@id":"https:\/\/gotta.ee\/et\/sadama-areng\/","url":"https:\/\/gotta.ee\/et\/sadama-areng\/","name":"Sadama areng - GOTTA Port Services","isPartOf":{"@id":"https:\/\/gotta.ee\/#website"},"primaryImageOfPage":{"@id":"https:\/\/gotta.ee\/et\/sadama-areng\/#primaryimage"},"image":{"@id":"https:\/\/gotta.ee\/et\/sadama-areng\/#primaryimage"},"thumbnailUrl":"https:\/\/gotta.ee\/wp-content\/uploads\/2023\/04\/Keri-6-scaled.jpg","datePublished":"2023-04-15T06:02:51+00:00","dateModified":"2023-11-09T19:33:04+00:00","breadcrumb":{"@id":"https:\/\/gotta.ee\/et\/sadama-areng\/#breadcrumb"},"inLanguage":"et","potentialAction":[{"@type":"ReadAction","target":["https:\/\/gotta.ee\/et\/sadama-areng\/"]}]},{"@type":"ImageObject","inLanguage":"et","@id":"https:\/\/gotta.ee\/et\/sadama-areng\/#primaryimage","url":"https:\/\/gotta.ee\/wp-content\/uploads\/2023\/04\/Keri-6-scaled.jpg","contentUrl":"https:\/\/gotta.ee\/wp-content\/uploads\/2023\/04\/Keri-6-scaled.jpg","width":1500,"height":2000},{"@type":"BreadcrumbList","@id":"https:\/\/gotta.ee\/et\/sadama-areng\/#breadcrumb","itemListElement":[{"@type":"ListItem","position":1,"name":"Home","item":"https:\/\/gotta.ee\/et\/"},{"@type":"ListItem","position":2,"name":"Sadama areng"}]},{"@type":"WebSite","@id":"https:\/\/gotta.ee\/#website","url":"https:\/\/gotta.ee\/","name":"GOTTA Port Services","description":"","publisher":{"@id":"https:\/\/gotta.ee\/#organization"},"potentialAction":[{"@type":"SearchAction","target":{"@type":"EntryPoint","urlTemplate":"https:\/\/gotta.ee\/?s={search_term_string}"},"query-input":{"@type":"PropertyValueSpecification","valueRequired":true,"valueName":"search_term_string"}}],"inLanguage":"et"},{"@type":"Organization","@id":"https:\/\/gotta.ee\/#organization","name":"Gotta Port Services O\u00dc","url":"https:\/\/gotta.ee\/","logo":{"@type":"ImageObject","inLanguage":"et","@id":"https:\/\/gotta.ee\/#\/schema\/logo\/image\/","url":"https:\/\/gotta.ee\/wp-content\/uploads\/2023\/03\/gotta.svg","contentUrl":"https:\/\/gotta.ee\/wp-content\/uploads\/2023\/03\/gotta.svg","width":"1024","height":"1024","caption":"Gotta Port Services O\u00dc"},"image":{"@id":"https:\/\/gotta.ee\/#\/schema\/logo\/image\/"},"sameAs":["https:\/\/www.facebook.com\/profile.php?id=61550886191645","https:\/\/www.linkedin.com\/company\/gotta-port-services\/","https:\/\/www.instagram.com\/gottaps\/"]}]}},"_links":{"self":[{"href":"https:\/\/gotta.ee\/et\/wp-json\/wp\/v2\/pages\/2978","targetHints":{"allow":["GET"]}}],"collection":[{"href":"https:\/\/gotta.ee\/et\/wp-json\/wp\/v2\/pages"}],"about":[{"href":"https:\/\/gotta.ee\/et\/wp-json\/wp\/v2\/types\/page"}],"author":[{"embeddable":true,"href":"https:\/\/gotta.ee\/et\/wp-json\/wp\/v2\/users\/1"}],"replies":[{"embeddable":true,"href":"https:\/\/gotta.ee\/et\/wp-json\/wp\/v2\/comments?post=2978"}],"version-history":[{"count":3,"href":"https:\/\/gotta.ee\/et\/wp-json\/wp\/v2\/pages\/2978\/revisions"}],"predecessor-version":[{"id":3058,"href":"https:\/\/gotta.ee\/et\/wp-json\/wp\/v2\/pages\/2978\/revisions\/3058"}],"wp:featuredmedia":[{"embeddable":true,"href":"https:\/\/gotta.ee\/et\/wp-json\/wp\/v2\/media\/2838"}],"wp:attachment":[{"href":"https:\/\/gotta.ee\/et\/wp-json\/wp\/v2\/media?parent=2978"}],"curies":[{"name":"wp","href":"https:\/\/api.w.org\/{rel}","templated":true}]}}