{"id":2984,"date":"2023-04-12T16:48:27","date_gmt":"2023-04-12T16:48:27","guid":{"rendered":"https:\/\/gotta.ee\/paper-charts-publications\/"},"modified":"2023-11-09T18:35:07","modified_gmt":"2023-11-09T18:35:07","slug":"paberkaardid-publikatsioonid","status":"publish","type":"page","link":"https:\/\/gotta.ee\/et\/paberkaardid-publikatsioonid\/","title":{"rendered":"Paberkaardid &#038; publikatsioonid"},"content":{"rendered":"<section class=\"l-section wpb_row us_custom_a518f36e us_animate_this height_large\"><div class=\"l-section-h i-cf\"><div class=\"g-cols vc_row via_flex valign_bottom type_default stacking_default\" style=\"--additional-gap:2vw;\"><div class=\"vc_col-sm-6 wpb_column vc_column_container\"><div class=\"vc_column-inner\"><div class=\"wpb_wrapper\">[vc_custom_heading text=&#8221;Paberkaardid &amp; publikatsioonid&#8221; font_container=&#8221;tag:h1|text_align:left&#8221; use_theme_fonts=&#8221;yes&#8221;]<div class=\"w-separator size_small\"><\/div><div class=\"wpb_text_column us_custom_bbbea019\"><div class=\"wpb_wrapper\"><p>Meie ettev\u00f5te on viimased 25 aastat tegelenud laevakaartide ja publikatsioonide levitamise, korrigeerimise ja nende kollektsioonide haldamisega.<\/p>\n<\/div><\/div><div class=\"w-separator size_small\"><\/div><div class=\"wpb_text_column licolor\"><div class=\"wpb_wrapper\"><p>M\u00fc\u00fcme j\u00e4rgmiste mereametite paberkaarte ja albumeid (<strong>k\u00f5ik kaardid ja albumid m\u00fc\u00fcakse ajakohase korrektuuriga<\/strong>):<\/p>\n<ul>\n<li>Eesti<\/li>\n<li>Soome<\/li>\n<li>Norra<\/li>\n<li>Briti Admiraliteedi<\/li>\n<\/ul>\n<\/div><\/div><\/div><\/div><\/div><div class=\"vc_col-sm-6 wpb_column vc_column_container\"><div class=\"vc_column-inner\"><div class=\"wpb_wrapper\"><div class=\"wpb_text_column licolor\"><div class=\"wpb_wrapper\"><p>Merealaste raamatute v\u00e4ljaannete valik h\u00f5lmab:<\/p>\n<ul>\n<li>IMO (International Maritime Organization)<\/li>\n<li>ITU (International Telecommunication Union)<\/li>\n<li>ISC (International Shore Connection)<\/li>\n<li>OCIMF (Oil Companies International Marine Forum)<\/li>\n<\/ul>\n<p>Lisaks paberkaartidele ja publikatsioonidele m\u00fc\u00fcme ka Eesti ja rahvusvaheliste logiraamatuid., nt Maritime &amp; Coastguard Agency.<\/p>\n<\/div><\/div><\/div><\/div><\/div><div class=\"vc_col-sm-12 wpb_column vc_column_container\"><div class=\"vc_column-inner\"><div class=\"wpb_wrapper\"><div class=\"w-separator size_small\"><\/div><div class=\"w-grid type_grid layout_2605 cols_5 valign_center with_css_animation\" id=\"us_grid_1\" style=\"--columns:5;--gap:0.5rem;\"><style>@media (max-width:1024px){#us_grid_1{--columns:3!important}}@media (max-width:600px){#us_grid_1{--columns:2!important}}.layout_2605 .w-grid-item-h{}.layout_2605 .usg_post_title_1{transition-duration:0.3s;transform-origin:50% 50%;transform:scale(1) translate(0%,0%)}.layout_2605 .w-grid-item-h:focus-within .usg_post_title_1,.layout_2605 .w-grid-item-h:hover .usg_post_title_1{transform:scale(1.1) translate(0%,0%);opacity:1}.layout_2605 .usg_post_title_1{border-radius:0.3em!important;padding:20px!important;background:var(--color-content-border)!important}<\/style><div class=\"w-grid-list\">\t<div class=\"w-grid-item type_term term-29 term-estonian us_animate_fade ratio_1x1\" style=\"animation-delay:0s\">\n\t\t<div class=\"w-grid-item-h\">\n\t\t\t\t\t\t\t<a href=\"https:\/\/gotta.ee\/shop\/paper-charts-albums\/estonian\/\" class=\"w-grid-item-anchor\" aria-label=\"Estonian\"><\/a>\n\t\t\t\t\t\t<h2 class=\"w-post-elm post_title usg_post_title_1 align_center entry-title color_link_inherit\"><a href=\"https:\/\/gotta.ee\/shop\/paper-charts-albums\/estonian\/\">Estonian<\/a><\/h2>\t\t<\/div>\n\t\t\t<\/div>\n\t<div class=\"w-grid-item type_term term-30 term-finnish us_animate_fade ratio_1x1\" style=\"animation-delay:0.1s\">\n\t\t<div class=\"w-grid-item-h\">\n\t\t\t\t\t\t\t<a href=\"https:\/\/gotta.ee\/shop\/paper-charts-albums\/finnish\/\" class=\"w-grid-item-anchor\" aria-label=\"Finnish\"><\/a>\n\t\t\t\t\t\t<h2 class=\"w-post-elm post_title usg_post_title_1 align_center entry-title color_link_inherit\"><a href=\"https:\/\/gotta.ee\/shop\/paper-charts-albums\/finnish\/\">Finnish<\/a><\/h2>\t\t<\/div>\n\t\t\t<\/div>\n\t<div class=\"w-grid-item type_term term-31 term-norwegian us_animate_fade ratio_1x1\" style=\"animation-delay:0.2s\">\n\t\t<div class=\"w-grid-item-h\">\n\t\t\t\t\t\t\t<a href=\"https:\/\/gotta.ee\/shop\/paper-charts-albums\/norwegian\/\" class=\"w-grid-item-anchor\" aria-label=\"Norwegian\"><\/a>\n\t\t\t\t\t\t<h2 class=\"w-post-elm post_title usg_post_title_1 align_center entry-title color_link_inherit\"><a href=\"https:\/\/gotta.ee\/shop\/paper-charts-albums\/norwegian\/\">Norwegian<\/a><\/h2>\t\t<\/div>\n\t\t\t<\/div>\n\t<div class=\"w-grid-item type_term term-33 term-british-admiralty us_animate_fade ratio_1x1\" style=\"animation-delay:0.3s\">\n\t\t<div class=\"w-grid-item-h\">\n\t\t\t\t\t\t\t<a href=\"https:\/\/gotta.ee\/shop\/paper-charts-albums\/british-admiralty\/\" class=\"w-grid-item-anchor\" aria-label=\"British Admiralty\"><\/a>\n\t\t\t\t\t\t<h2 class=\"w-post-elm post_title usg_post_title_1 align_center entry-title color_link_inherit\"><a href=\"https:\/\/gotta.ee\/shop\/paper-charts-albums\/british-admiralty\/\">British Admiralty<\/a><\/h2>\t\t<\/div>\n\t\t\t<\/div>\n<\/div>\t<div class=\"w-grid-json hidden\" onclick='return {&quot;template_vars&quot;:{&quot;lang&quot;:&quot;et&quot;}}'><\/div>\n\t<\/div><\/div><\/div><\/div><\/div><\/div><\/section>\n","protected":false},"excerpt":{"rendered":"[vc_custom_heading text=\"Paberkaardid &amp; publikatsioonid\" font_container=\"tag:h1|text_align:left\" use_theme_fonts=\"yes\"]Meie ettev\u00f5te on viimased 25 aastat tegelenud laevakaartide ja publikatsioonide levitamise, korrigeerimise ja nende kollektsioonide haldamisega. M\u00fc\u00fcme j\u00e4rgmiste mereametite paberkaarte ja albumeid (k\u00f5ik kaardid ja albumid m\u00fc\u00fcakse ajakohase korrektuuriga): Eesti Soome Norra Briti Admiraliteedi Merealaste raamatute v\u00e4ljaannete valik h\u00f5lmab: IMO (International Maritime Organization) ITU (International Telecommunication Union) ISC (International Shore...","protected":false},"author":1,"featured_media":2854,"parent":0,"menu_order":0,"comment_status":"closed","ping_status":"closed","template":"","meta":{"footnotes":""},"class_list":["post-2984","page","type-page","status-publish","has-post-thumbnail","hentry"],"yoast_head":"<!-- This site is optimized with the Yoast SEO plugin v27.2 - https:\/\/yoast.com\/product\/yoast-seo-wordpress\/ -->\n<title>Paberkaardid &amp; publikatsioonid - GOTTA Port Services<\/title>\n<meta name=\"robots\" content=\"index, follow, max-snippet:-1, max-image-preview:large, max-video-preview:-1\" \/>\n<link rel=\"canonical\" href=\"https:\/\/gotta.ee\/et\/paberkaardid-publikatsioonid\/\" \/>\n<meta property=\"og:locale\" content=\"et_EE\" \/>\n<meta property=\"og:type\" content=\"article\" \/>\n<meta property=\"og:title\" content=\"Paberkaardid &amp; publikatsioonid - GOTTA Port Services\" \/>\n<meta property=\"og:url\" content=\"https:\/\/gotta.ee\/et\/paberkaardid-publikatsioonid\/\" \/>\n<meta property=\"og:site_name\" content=\"GOTTA Port Services\" \/>\n<meta property=\"article:publisher\" content=\"https:\/\/www.facebook.com\/profile.php?id=61550886191645\" \/>\n<meta property=\"article:modified_time\" content=\"2023-11-09T18:35:07+00:00\" \/>\n<meta property=\"og:image\" content=\"https:\/\/gotta.ee\/wp-content\/uploads\/2023\/04\/3104_MEREKAARDID_-ENG.jpg\" \/>\n\t<meta property=\"og:image:width\" content=\"635\" \/>\n\t<meta property=\"og:image:height\" content=\"450\" \/>\n\t<meta property=\"og:image:type\" content=\"image\/jpeg\" \/>\n<meta name=\"twitter:card\" content=\"summary_large_image\" \/>\n<meta name=\"twitter:label1\" content=\"Est. reading time\" \/>\n\t<meta name=\"twitter:data1\" content=\"2 minutit\" \/>\n<script type=\"application\/ld+json\" class=\"yoast-schema-graph\">{\"@context\":\"https:\/\/schema.org\",\"@graph\":[{\"@type\":\"WebPage\",\"@id\":\"https:\/\/gotta.ee\/et\/paberkaardid-publikatsioonid\/\",\"url\":\"https:\/\/gotta.ee\/et\/paberkaardid-publikatsioonid\/\",\"name\":\"Paberkaardid & publikatsioonid - GOTTA Port Services\",\"isPartOf\":{\"@id\":\"https:\/\/gotta.ee\/#website\"},\"primaryImageOfPage\":{\"@id\":\"https:\/\/gotta.ee\/et\/paberkaardid-publikatsioonid\/#primaryimage\"},\"image\":{\"@id\":\"https:\/\/gotta.ee\/et\/paberkaardid-publikatsioonid\/#primaryimage\"},\"thumbnailUrl\":\"https:\/\/gotta.ee\/wp-content\/uploads\/2023\/04\/3104_MEREKAARDID_-ENG.jpg\",\"datePublished\":\"2023-04-12T16:48:27+00:00\",\"dateModified\":\"2023-11-09T18:35:07+00:00\",\"breadcrumb\":{\"@id\":\"https:\/\/gotta.ee\/et\/paberkaardid-publikatsioonid\/#breadcrumb\"},\"inLanguage\":\"et\",\"potentialAction\":[{\"@type\":\"ReadAction\",\"target\":[\"https:\/\/gotta.ee\/et\/paberkaardid-publikatsioonid\/\"]}]},{\"@type\":\"ImageObject\",\"inLanguage\":\"et\",\"@id\":\"https:\/\/gotta.ee\/et\/paberkaardid-publikatsioonid\/#primaryimage\",\"url\":\"https:\/\/gotta.ee\/wp-content\/uploads\/2023\/04\/3104_MEREKAARDID_-ENG.jpg\",\"contentUrl\":\"https:\/\/gotta.ee\/wp-content\/uploads\/2023\/04\/3104_MEREKAARDID_-ENG.jpg\",\"width\":635,\"height\":450},{\"@type\":\"BreadcrumbList\",\"@id\":\"https:\/\/gotta.ee\/et\/paberkaardid-publikatsioonid\/#breadcrumb\",\"itemListElement\":[{\"@type\":\"ListItem\",\"position\":1,\"name\":\"Home\",\"item\":\"https:\/\/gotta.ee\/et\/\"},{\"@type\":\"ListItem\",\"position\":2,\"name\":\"Paberkaardid &#038; publikatsioonid\"}]},{\"@type\":\"WebSite\",\"@id\":\"https:\/\/gotta.ee\/#website\",\"url\":\"https:\/\/gotta.ee\/\",\"name\":\"GOTTA Port Services\",\"description\":\"\",\"publisher\":{\"@id\":\"https:\/\/gotta.ee\/#organization\"},\"potentialAction\":[{\"@type\":\"SearchAction\",\"target\":{\"@type\":\"EntryPoint\",\"urlTemplate\":\"https:\/\/gotta.ee\/?s={search_term_string}\"},\"query-input\":{\"@type\":\"PropertyValueSpecification\",\"valueRequired\":true,\"valueName\":\"search_term_string\"}}],\"inLanguage\":\"et\"},{\"@type\":\"Organization\",\"@id\":\"https:\/\/gotta.ee\/#organization\",\"name\":\"Gotta Port Services O\u00dc\",\"url\":\"https:\/\/gotta.ee\/\",\"logo\":{\"@type\":\"ImageObject\",\"inLanguage\":\"et\",\"@id\":\"https:\/\/gotta.ee\/#\/schema\/logo\/image\/\",\"url\":\"https:\/\/gotta.ee\/wp-content\/uploads\/2023\/03\/gotta.svg\",\"contentUrl\":\"https:\/\/gotta.ee\/wp-content\/uploads\/2023\/03\/gotta.svg\",\"width\":\"1024\",\"height\":\"1024\",\"caption\":\"Gotta Port Services O\u00dc\"},\"image\":{\"@id\":\"https:\/\/gotta.ee\/#\/schema\/logo\/image\/\"},\"sameAs\":[\"https:\/\/www.facebook.com\/profile.php?id=61550886191645\",\"https:\/\/www.linkedin.com\/company\/gotta-port-services\/\",\"https:\/\/www.instagram.com\/gottaps\/\"]}]}<\/script>\n<!-- \/ Yoast SEO plugin. -->","yoast_head_json":{"title":"Paberkaardid & publikatsioonid - GOTTA Port Services","robots":{"index":"index","follow":"follow","max-snippet":"max-snippet:-1","max-image-preview":"max-image-preview:large","max-video-preview":"max-video-preview:-1"},"canonical":"https:\/\/gotta.ee\/et\/paberkaardid-publikatsioonid\/","og_locale":"et_EE","og_type":"article","og_title":"Paberkaardid & publikatsioonid - GOTTA Port Services","og_url":"https:\/\/gotta.ee\/et\/paberkaardid-publikatsioonid\/","og_site_name":"GOTTA Port Services","article_publisher":"https:\/\/www.facebook.com\/profile.php?id=61550886191645","article_modified_time":"2023-11-09T18:35:07+00:00","og_image":[{"width":635,"height":450,"url":"https:\/\/gotta.ee\/wp-content\/uploads\/2023\/04\/3104_MEREKAARDID_-ENG.jpg","type":"image\/jpeg"}],"twitter_card":"summary_large_image","twitter_misc":{"Est. reading time":"2 minutit"},"schema":{"@context":"https:\/\/schema.org","@graph":[{"@type":"WebPage","@id":"https:\/\/gotta.ee\/et\/paberkaardid-publikatsioonid\/","url":"https:\/\/gotta.ee\/et\/paberkaardid-publikatsioonid\/","name":"Paberkaardid & publikatsioonid - GOTTA Port Services","isPartOf":{"@id":"https:\/\/gotta.ee\/#website"},"primaryImageOfPage":{"@id":"https:\/\/gotta.ee\/et\/paberkaardid-publikatsioonid\/#primaryimage"},"image":{"@id":"https:\/\/gotta.ee\/et\/paberkaardid-publikatsioonid\/#primaryimage"},"thumbnailUrl":"https:\/\/gotta.ee\/wp-content\/uploads\/2023\/04\/3104_MEREKAARDID_-ENG.jpg","datePublished":"2023-04-12T16:48:27+00:00","dateModified":"2023-11-09T18:35:07+00:00","breadcrumb":{"@id":"https:\/\/gotta.ee\/et\/paberkaardid-publikatsioonid\/#breadcrumb"},"inLanguage":"et","potentialAction":[{"@type":"ReadAction","target":["https:\/\/gotta.ee\/et\/paberkaardid-publikatsioonid\/"]}]},{"@type":"ImageObject","inLanguage":"et","@id":"https:\/\/gotta.ee\/et\/paberkaardid-publikatsioonid\/#primaryimage","url":"https:\/\/gotta.ee\/wp-content\/uploads\/2023\/04\/3104_MEREKAARDID_-ENG.jpg","contentUrl":"https:\/\/gotta.ee\/wp-content\/uploads\/2023\/04\/3104_MEREKAARDID_-ENG.jpg","width":635,"height":450},{"@type":"BreadcrumbList","@id":"https:\/\/gotta.ee\/et\/paberkaardid-publikatsioonid\/#breadcrumb","itemListElement":[{"@type":"ListItem","position":1,"name":"Home","item":"https:\/\/gotta.ee\/et\/"},{"@type":"ListItem","position":2,"name":"Paberkaardid &#038; publikatsioonid"}]},{"@type":"WebSite","@id":"https:\/\/gotta.ee\/#website","url":"https:\/\/gotta.ee\/","name":"GOTTA Port Services","description":"","publisher":{"@id":"https:\/\/gotta.ee\/#organization"},"potentialAction":[{"@type":"SearchAction","target":{"@type":"EntryPoint","urlTemplate":"https:\/\/gotta.ee\/?s={search_term_string}"},"query-input":{"@type":"PropertyValueSpecification","valueRequired":true,"valueName":"search_term_string"}}],"inLanguage":"et"},{"@type":"Organization","@id":"https:\/\/gotta.ee\/#organization","name":"Gotta Port Services O\u00dc","url":"https:\/\/gotta.ee\/","logo":{"@type":"ImageObject","inLanguage":"et","@id":"https:\/\/gotta.ee\/#\/schema\/logo\/image\/","url":"https:\/\/gotta.ee\/wp-content\/uploads\/2023\/03\/gotta.svg","contentUrl":"https:\/\/gotta.ee\/wp-content\/uploads\/2023\/03\/gotta.svg","width":"1024","height":"1024","caption":"Gotta Port Services O\u00dc"},"image":{"@id":"https:\/\/gotta.ee\/#\/schema\/logo\/image\/"},"sameAs":["https:\/\/www.facebook.com\/profile.php?id=61550886191645","https:\/\/www.linkedin.com\/company\/gotta-port-services\/","https:\/\/www.instagram.com\/gottaps\/"]}]}},"_links":{"self":[{"href":"https:\/\/gotta.ee\/et\/wp-json\/wp\/v2\/pages\/2984","targetHints":{"allow":["GET"]}}],"collection":[{"href":"https:\/\/gotta.ee\/et\/wp-json\/wp\/v2\/pages"}],"about":[{"href":"https:\/\/gotta.ee\/et\/wp-json\/wp\/v2\/types\/page"}],"author":[{"embeddable":true,"href":"https:\/\/gotta.ee\/et\/wp-json\/wp\/v2\/users\/1"}],"replies":[{"embeddable":true,"href":"https:\/\/gotta.ee\/et\/wp-json\/wp\/v2\/comments?post=2984"}],"version-history":[{"count":3,"href":"https:\/\/gotta.ee\/et\/wp-json\/wp\/v2\/pages\/2984\/revisions"}],"predecessor-version":[{"id":3053,"href":"https:\/\/gotta.ee\/et\/wp-json\/wp\/v2\/pages\/2984\/revisions\/3053"}],"wp:featuredmedia":[{"embeddable":true,"href":"https:\/\/gotta.ee\/et\/wp-json\/wp\/v2\/media\/2854"}],"wp:attachment":[{"href":"https:\/\/gotta.ee\/et\/wp-json\/wp\/v2\/media?parent=2984"}],"curies":[{"name":"wp","href":"https:\/\/api.w.org\/{rel}","templated":true}]}}