{"id":2990,"date":"2023-04-12T16:58:07","date_gmt":"2023-04-12T16:58:07","guid":{"rendered":"https:\/\/gotta.ee\/seabed-survey\/"},"modified":"2023-11-09T19:18:38","modified_gmt":"2023-11-09T19:18:38","slug":"merepohja-uuring","status":"publish","type":"page","link":"https:\/\/gotta.ee\/et\/merepohja-uuring\/","title":{"rendered":"Merep\u00f5hja uuring"},"content":{"rendered":"<section class=\"l-section wpb_row us_custom_a518f36e us_animate_this height_large\"><div class=\"l-section-h i-cf\"><div class=\"g-cols vc_row via_flex valign_middle type_default stacking_default\" style=\"--additional-gap:2vw;\"><div class=\"vc_col-sm-6 wpb_column vc_column_container\"><div class=\"vc_column-inner\"><div class=\"wpb_wrapper\">[vc_custom_heading text=&#8221;Merep\u00f5hja uuring&#8221; font_container=&#8221;tag:h1|text_align:left&#8221; use_theme_fonts=&#8221;yes&#8221;]<div class=\"w-separator size_small\"><\/div><div class=\"wpb_text_column us_custom_bbbea019\"><div class=\"wpb_wrapper\"><p>Enne mis tahes ehitust\u00f6\u00f6de teostamist mere- ja muude sadamate vetes on vajalik merep\u00f5hja \u00fcksikasjalik uuring ja kaardistamine. Kasutame oma k\u00f5rge eraldusv\u00f5imega mitmekiirelist kajaloodi, mis on mobiilne ja mida saab kasutada rannikuvetes, j\u00e4rvedes ja isegi tiikides, et t\u00e4ita j\u00e4rgmisi \u00fclesandeid:<\/p>\n<p>\u2022 H\u00fcdrograafilised uuringud<br \/>\n\u2022 Bat\u00fcmeetria<br \/>\n\u2022 Merep\u00f5hja kaardistamine<br \/>\n\u2022 Veeproovide v\u00f5tmine<br \/>\n\u2022 Vee all olevaid objekte otsimine<br \/>\n\u2022 Geoloogilise ohu kontroll<br \/>\n\u2022 Navigatsioonikaartide koostamine<br \/>\n\u2022 S\u00fcvendust\u00f6\u00f6de j\u00e4relevalve<\/p>\n<\/div><\/div><div class=\"w-separator size_small\"><\/div><div class=\"wpb_text_column licolor\"><div class=\"wpb_wrapper\"><p>Seadmeid saab paigaldada nii suurtele kui ka v\u00e4ikestele uuringulaevadele, et v\u00f5imaldada uuringuid arheoloogilisteks, \u00fclikooliuuringuteks ning ka enne ja s\u00fcvendust\u00f6\u00f6de ajal, samuti sadamalahtede rannajoone pikaajaliste muutuste hindamiseks.<\/p>\n<\/div><\/div><\/div><\/div><\/div><div class=\"vc_col-sm-6 wpb_column vc_column_container\"><div class=\"vc_column-inner\"><div class=\"wpb_wrapper\"><div class=\"w-image align_center\"><a ref=\"magnificPopup\" href=\"https:\/\/gotta.ee\/wp-content\/uploads\/2023\/07\/Karlova-sad150723.jpg\" aria-label=\"Karlova sad150723\" class=\"w-image-h\"><img decoding=\"async\" width=\"1904\" height=\"945\" src=\"https:\/\/gotta.ee\/wp-content\/uploads\/2023\/07\/Karlova-sad150723.jpg\" class=\"attachment-full size-full\" alt=\"\" loading=\"lazy\" srcset=\"https:\/\/gotta.ee\/wp-content\/uploads\/2023\/07\/Karlova-sad150723.jpg 1904w, https:\/\/gotta.ee\/wp-content\/uploads\/2023\/07\/Karlova-sad150723-300x149.jpg 300w, https:\/\/gotta.ee\/wp-content\/uploads\/2023\/07\/Karlova-sad150723-1024x508.jpg 1024w, https:\/\/gotta.ee\/wp-content\/uploads\/2023\/07\/Karlova-sad150723-600x298.jpg 600w\" sizes=\"auto, (max-width: 1904px) 100vw, 1904px\" \/><\/a><\/div><\/div><\/div><\/div><\/div><\/div><\/section>\n","protected":false},"excerpt":{"rendered":"[vc_custom_heading text=\"Merep\u00f5hja uuring\" font_container=\"tag:h1|text_align:left\" use_theme_fonts=\"yes\"]Enne mis tahes ehitust\u00f6\u00f6de teostamist mere- ja muude sadamate vetes on vajalik merep\u00f5hja \u00fcksikasjalik uuring ja kaardistamine. Kasutame oma k\u00f5rge eraldusv\u00f5imega mitmekiirelist kajaloodi, mis on mobiilne ja mida saab kasutada rannikuvetes, j\u00e4rvedes ja isegi tiikides, et t\u00e4ita j\u00e4rgmisi \u00fclesandeid: \u2022 H\u00fcdrograafilised uuringud \u2022 Bat\u00fcmeetria \u2022 Merep\u00f5hja kaardistamine \u2022 Veeproovide v\u00f5tmine \u2022...","protected":false},"author":1,"featured_media":0,"parent":0,"menu_order":0,"comment_status":"closed","ping_status":"closed","template":"","meta":{"footnotes":""},"class_list":["post-2990","page","type-page","status-publish","hentry"],"yoast_head":"<!-- This site is optimized with the Yoast SEO plugin v27.2 - https:\/\/yoast.com\/product\/yoast-seo-wordpress\/ -->\n<title>Merep\u00f5hja uuring - GOTTA Port Services<\/title>\n<meta name=\"robots\" content=\"index, follow, max-snippet:-1, max-image-preview:large, max-video-preview:-1\" \/>\n<link rel=\"canonical\" href=\"https:\/\/gotta.ee\/et\/merepohja-uuring\/\" \/>\n<meta property=\"og:locale\" content=\"et_EE\" \/>\n<meta property=\"og:type\" content=\"article\" \/>\n<meta property=\"og:title\" content=\"Merep\u00f5hja uuring - GOTTA Port Services\" \/>\n<meta property=\"og:url\" content=\"https:\/\/gotta.ee\/et\/merepohja-uuring\/\" \/>\n<meta property=\"og:site_name\" content=\"GOTTA Port Services\" \/>\n<meta property=\"article:publisher\" content=\"https:\/\/www.facebook.com\/profile.php?id=61550886191645\" \/>\n<meta property=\"article:modified_time\" content=\"2023-11-09T19:18:38+00:00\" \/>\n<meta property=\"og:image\" content=\"https:\/\/gotta.ee\/wp-content\/uploads\/2023\/11\/Screen-Shot-2023-11-14-at-19.14.27-1024x613.png\" \/>\n\t<meta property=\"og:image:width\" content=\"1024\" \/>\n\t<meta property=\"og:image:height\" content=\"613\" \/>\n\t<meta property=\"og:image:type\" content=\"image\/png\" \/>\n<meta name=\"twitter:card\" content=\"summary_large_image\" \/>\n<meta name=\"twitter:label1\" content=\"Est. reading time\" \/>\n\t<meta name=\"twitter:data1\" content=\"1 minut\" \/>\n<script type=\"application\/ld+json\" class=\"yoast-schema-graph\">{\"@context\":\"https:\/\/schema.org\",\"@graph\":[{\"@type\":\"WebPage\",\"@id\":\"https:\/\/gotta.ee\/et\/merepohja-uuring\/\",\"url\":\"https:\/\/gotta.ee\/et\/merepohja-uuring\/\",\"name\":\"Merep\u00f5hja uuring - GOTTA Port Services\",\"isPartOf\":{\"@id\":\"https:\/\/gotta.ee\/#website\"},\"datePublished\":\"2023-04-12T16:58:07+00:00\",\"dateModified\":\"2023-11-09T19:18:38+00:00\",\"breadcrumb\":{\"@id\":\"https:\/\/gotta.ee\/et\/merepohja-uuring\/#breadcrumb\"},\"inLanguage\":\"et\",\"potentialAction\":[{\"@type\":\"ReadAction\",\"target\":[\"https:\/\/gotta.ee\/et\/merepohja-uuring\/\"]}]},{\"@type\":\"BreadcrumbList\",\"@id\":\"https:\/\/gotta.ee\/et\/merepohja-uuring\/#breadcrumb\",\"itemListElement\":[{\"@type\":\"ListItem\",\"position\":1,\"name\":\"Home\",\"item\":\"https:\/\/gotta.ee\/et\/\"},{\"@type\":\"ListItem\",\"position\":2,\"name\":\"Merep\u00f5hja uuring\"}]},{\"@type\":\"WebSite\",\"@id\":\"https:\/\/gotta.ee\/#website\",\"url\":\"https:\/\/gotta.ee\/\",\"name\":\"GOTTA Port Services\",\"description\":\"\",\"publisher\":{\"@id\":\"https:\/\/gotta.ee\/#organization\"},\"potentialAction\":[{\"@type\":\"SearchAction\",\"target\":{\"@type\":\"EntryPoint\",\"urlTemplate\":\"https:\/\/gotta.ee\/?s={search_term_string}\"},\"query-input\":{\"@type\":\"PropertyValueSpecification\",\"valueRequired\":true,\"valueName\":\"search_term_string\"}}],\"inLanguage\":\"et\"},{\"@type\":\"Organization\",\"@id\":\"https:\/\/gotta.ee\/#organization\",\"name\":\"Gotta Port Services O\u00dc\",\"url\":\"https:\/\/gotta.ee\/\",\"logo\":{\"@type\":\"ImageObject\",\"inLanguage\":\"et\",\"@id\":\"https:\/\/gotta.ee\/#\/schema\/logo\/image\/\",\"url\":\"https:\/\/gotta.ee\/wp-content\/uploads\/2023\/03\/gotta.svg\",\"contentUrl\":\"https:\/\/gotta.ee\/wp-content\/uploads\/2023\/03\/gotta.svg\",\"width\":\"1024\",\"height\":\"1024\",\"caption\":\"Gotta Port Services O\u00dc\"},\"image\":{\"@id\":\"https:\/\/gotta.ee\/#\/schema\/logo\/image\/\"},\"sameAs\":[\"https:\/\/www.facebook.com\/profile.php?id=61550886191645\",\"https:\/\/www.linkedin.com\/company\/gotta-port-services\/\",\"https:\/\/www.instagram.com\/gottaps\/\"]}]}<\/script>\n<!-- \/ Yoast SEO plugin. -->","yoast_head_json":{"title":"Merep\u00f5hja uuring - GOTTA Port Services","robots":{"index":"index","follow":"follow","max-snippet":"max-snippet:-1","max-image-preview":"max-image-preview:large","max-video-preview":"max-video-preview:-1"},"canonical":"https:\/\/gotta.ee\/et\/merepohja-uuring\/","og_locale":"et_EE","og_type":"article","og_title":"Merep\u00f5hja uuring - GOTTA Port Services","og_url":"https:\/\/gotta.ee\/et\/merepohja-uuring\/","og_site_name":"GOTTA Port Services","article_publisher":"https:\/\/www.facebook.com\/profile.php?id=61550886191645","article_modified_time":"2023-11-09T19:18:38+00:00","og_image":[{"width":1024,"height":613,"url":"https:\/\/gotta.ee\/wp-content\/uploads\/2023\/11\/Screen-Shot-2023-11-14-at-19.14.27-1024x613.png","type":"image\/png"}],"twitter_card":"summary_large_image","twitter_misc":{"Est. reading time":"1 minut"},"schema":{"@context":"https:\/\/schema.org","@graph":[{"@type":"WebPage","@id":"https:\/\/gotta.ee\/et\/merepohja-uuring\/","url":"https:\/\/gotta.ee\/et\/merepohja-uuring\/","name":"Merep\u00f5hja uuring - GOTTA Port Services","isPartOf":{"@id":"https:\/\/gotta.ee\/#website"},"datePublished":"2023-04-12T16:58:07+00:00","dateModified":"2023-11-09T19:18:38+00:00","breadcrumb":{"@id":"https:\/\/gotta.ee\/et\/merepohja-uuring\/#breadcrumb"},"inLanguage":"et","potentialAction":[{"@type":"ReadAction","target":["https:\/\/gotta.ee\/et\/merepohja-uuring\/"]}]},{"@type":"BreadcrumbList","@id":"https:\/\/gotta.ee\/et\/merepohja-uuring\/#breadcrumb","itemListElement":[{"@type":"ListItem","position":1,"name":"Home","item":"https:\/\/gotta.ee\/et\/"},{"@type":"ListItem","position":2,"name":"Merep\u00f5hja uuring"}]},{"@type":"WebSite","@id":"https:\/\/gotta.ee\/#website","url":"https:\/\/gotta.ee\/","name":"GOTTA Port Services","description":"","publisher":{"@id":"https:\/\/gotta.ee\/#organization"},"potentialAction":[{"@type":"SearchAction","target":{"@type":"EntryPoint","urlTemplate":"https:\/\/gotta.ee\/?s={search_term_string}"},"query-input":{"@type":"PropertyValueSpecification","valueRequired":true,"valueName":"search_term_string"}}],"inLanguage":"et"},{"@type":"Organization","@id":"https:\/\/gotta.ee\/#organization","name":"Gotta Port Services O\u00dc","url":"https:\/\/gotta.ee\/","logo":{"@type":"ImageObject","inLanguage":"et","@id":"https:\/\/gotta.ee\/#\/schema\/logo\/image\/","url":"https:\/\/gotta.ee\/wp-content\/uploads\/2023\/03\/gotta.svg","contentUrl":"https:\/\/gotta.ee\/wp-content\/uploads\/2023\/03\/gotta.svg","width":"1024","height":"1024","caption":"Gotta Port Services O\u00dc"},"image":{"@id":"https:\/\/gotta.ee\/#\/schema\/logo\/image\/"},"sameAs":["https:\/\/www.facebook.com\/profile.php?id=61550886191645","https:\/\/www.linkedin.com\/company\/gotta-port-services\/","https:\/\/www.instagram.com\/gottaps\/"]}]}},"_links":{"self":[{"href":"https:\/\/gotta.ee\/et\/wp-json\/wp\/v2\/pages\/2990","targetHints":{"allow":["GET"]}}],"collection":[{"href":"https:\/\/gotta.ee\/et\/wp-json\/wp\/v2\/pages"}],"about":[{"href":"https:\/\/gotta.ee\/et\/wp-json\/wp\/v2\/types\/page"}],"author":[{"embeddable":true,"href":"https:\/\/gotta.ee\/et\/wp-json\/wp\/v2\/users\/1"}],"replies":[{"embeddable":true,"href":"https:\/\/gotta.ee\/et\/wp-json\/wp\/v2\/comments?post=2990"}],"version-history":[{"count":3,"href":"https:\/\/gotta.ee\/et\/wp-json\/wp\/v2\/pages\/2990\/revisions"}],"predecessor-version":[{"id":3057,"href":"https:\/\/gotta.ee\/et\/wp-json\/wp\/v2\/pages\/2990\/revisions\/3057"}],"wp:attachment":[{"href":"https:\/\/gotta.ee\/et\/wp-json\/wp\/v2\/media?parent=2990"}],"curies":[{"name":"wp","href":"https:\/\/api.w.org\/{rel}","templated":true}]}}