{"id":2992,"date":"2023-04-12T16:43:41","date_gmt":"2023-04-12T16:43:41","guid":{"rendered":"https:\/\/gotta.ee\/service-maintenance\/"},"modified":"2023-11-05T11:53:38","modified_gmt":"2023-11-05T11:53:38","slug":"teenindus-ja-hooldus","status":"publish","type":"page","link":"https:\/\/gotta.ee\/et\/teenindus-ja-hooldus\/","title":{"rendered":"Teenindus ja hooldus"},"content":{"rendered":"<section class=\"l-section wpb_row us_custom_a518f36e us_animate_this height_large\"><div class=\"l-section-h i-cf\"><div class=\"g-cols vc_row via_flex valign_middle type_default stacking_default\" style=\"--additional-gap:2vw;\"><div class=\"vc_col-sm-6 wpb_column vc_column_container\"><div class=\"vc_column-inner\"><div class=\"wpb_wrapper\">[vc_custom_heading text=&#8221;Teenindus ja hooldus<br \/>\n&#8221; font_container=&#8221;tag:h1|text_align:left&#8221; use_theme_fonts=&#8221;yes&#8221;]<div class=\"w-separator size_small\"><\/div><div class=\"wpb_text_column us_custom_bbbea019\"><div class=\"wpb_wrapper\"><p>Oleme alati valmis oma kliente p\u00e4rast ostu sooritamist abistama ning pakkuma hoolduslahendust ja remonti.<\/p>\n<\/div><\/div><div class=\"w-separator size_small\"><\/div><div class=\"wpb_text_column licolor\"><div class=\"wpb_wrapper\"><p>Kasutades oma multifunktsionaalset monitooringutarkvara, suudame reaalajas j\u00e4lgida navigatsiooniseadmete seisukorda ja asukohta ning otsustada vajalike toimingute \u00fcle.<\/p>\n<p>Meie seirelahendus v\u00f5imaldab meil hinnata:<\/p>\n<ul>\n<li>Laterna tehnilist seisukorda<\/li>\n<li>Toiteallika olekut<\/li>\n<li>Sidemooduli olekut, viimase suhtlusseansi aega<\/li>\n<li>Laevade kokkup\u00f5rke merepoidega<\/li>\n<li>Asukoha koordinaate ja kaugust algselt m\u00e4\u00e4ratud asukohast.<\/li>\n<\/ul>\n<\/div><\/div><\/div><\/div><\/div><div class=\"vc_col-sm-6 wpb_column vc_column_container\"><div class=\"vc_column-inner\"><div class=\"wpb_wrapper\"><div class=\"w-image align_none\"><div class=\"w-image-h\"><img decoding=\"async\" width=\"1600\" height=\"900\" src=\"https:\/\/gotta.ee\/wp-content\/uploads\/2023\/05\/\u0411\u0435\u0437\u044b\u043c\u044f\u043d\u043d\u044b\u0439.png\" class=\"attachment-full size-full\" alt=\"\" loading=\"lazy\" srcset=\"https:\/\/gotta.ee\/wp-content\/uploads\/2023\/05\/\u0411\u0435\u0437\u044b\u043c\u044f\u043d\u043d\u044b\u0439.png 1600w, https:\/\/gotta.ee\/wp-content\/uploads\/2023\/05\/\u0411\u0435\u0437\u044b\u043c\u044f\u043d\u043d\u044b\u0439-300x169.png 300w, https:\/\/gotta.ee\/wp-content\/uploads\/2023\/05\/\u0411\u0435\u0437\u044b\u043c\u044f\u043d\u043d\u044b\u0439-1024x576.png 1024w, https:\/\/gotta.ee\/wp-content\/uploads\/2023\/05\/\u0411\u0435\u0437\u044b\u043c\u044f\u043d\u043d\u044b\u0439-600x338.png 600w\" sizes=\"auto, (max-width: 1600px) 100vw, 1600px\" \/><\/div><\/div><\/div><\/div><\/div><\/div><\/div><\/section>\n","protected":false},"excerpt":{"rendered":"[vc_custom_heading text=\"Teenindus ja hooldus \" font_container=\"tag:h1|text_align:left\" use_theme_fonts=\"yes\"]Oleme alati valmis oma kliente p\u00e4rast ostu sooritamist abistama ning pakkuma hoolduslahendust ja remonti. Kasutades oma multifunktsionaalset monitooringutarkvara, suudame reaalajas j\u00e4lgida navigatsiooniseadmete seisukorda ja asukohta ning otsustada vajalike toimingute \u00fcle. Meie seirelahendus v\u00f5imaldab meil hinnata: Laterna tehnilist seisukorda Toiteallika olekut Sidemooduli olekut, viimase suhtlusseansi aega Laevade kokkup\u00f5rke merepoidega Asukoha...","protected":false},"author":1,"featured_media":2864,"parent":0,"menu_order":0,"comment_status":"closed","ping_status":"closed","template":"","meta":{"footnotes":""},"class_list":["post-2992","page","type-page","status-publish","has-post-thumbnail","hentry"],"yoast_head":"<!-- This site is optimized with the Yoast SEO plugin v27.2 - https:\/\/yoast.com\/product\/yoast-seo-wordpress\/ -->\n<title>Teenindus ja hooldus - GOTTA Port Services<\/title>\n<meta name=\"robots\" content=\"index, follow, max-snippet:-1, max-image-preview:large, max-video-preview:-1\" \/>\n<link rel=\"canonical\" href=\"https:\/\/gotta.ee\/et\/teenindus-ja-hooldus\/\" \/>\n<meta property=\"og:locale\" content=\"et_EE\" \/>\n<meta property=\"og:type\" content=\"article\" \/>\n<meta property=\"og:title\" content=\"Teenindus ja hooldus - GOTTA Port Services\" \/>\n<meta property=\"og:url\" content=\"https:\/\/gotta.ee\/et\/teenindus-ja-hooldus\/\" \/>\n<meta property=\"og:site_name\" content=\"GOTTA Port Services\" \/>\n<meta property=\"article:publisher\" content=\"https:\/\/www.facebook.com\/profile.php?id=61550886191645\" \/>\n<meta property=\"article:modified_time\" content=\"2023-11-05T11:53:38+00:00\" \/>\n<meta property=\"og:image\" content=\"https:\/\/gotta.ee\/wp-content\/uploads\/2023\/04\/Reconstruction-of-pier-nr.-4-1.jpg\" \/>\n\t<meta property=\"og:image:width\" content=\"2000\" \/>\n\t<meta property=\"og:image:height\" content=\"955\" \/>\n\t<meta property=\"og:image:type\" content=\"image\/jpeg\" \/>\n<meta name=\"twitter:card\" content=\"summary_large_image\" \/>\n<meta name=\"twitter:label1\" content=\"Est. reading time\" \/>\n\t<meta name=\"twitter:data1\" content=\"1 minut\" \/>\n<script type=\"application\/ld+json\" class=\"yoast-schema-graph\">{\"@context\":\"https:\/\/schema.org\",\"@graph\":[{\"@type\":\"WebPage\",\"@id\":\"https:\/\/gotta.ee\/et\/teenindus-ja-hooldus\/\",\"url\":\"https:\/\/gotta.ee\/et\/teenindus-ja-hooldus\/\",\"name\":\"Teenindus ja hooldus - GOTTA Port Services\",\"isPartOf\":{\"@id\":\"https:\/\/gotta.ee\/#website\"},\"primaryImageOfPage\":{\"@id\":\"https:\/\/gotta.ee\/et\/teenindus-ja-hooldus\/#primaryimage\"},\"image\":{\"@id\":\"https:\/\/gotta.ee\/et\/teenindus-ja-hooldus\/#primaryimage\"},\"thumbnailUrl\":\"https:\/\/gotta.ee\/wp-content\/uploads\/2023\/04\/Reconstruction-of-pier-nr.-4-1.jpg\",\"datePublished\":\"2023-04-12T16:43:41+00:00\",\"dateModified\":\"2023-11-05T11:53:38+00:00\",\"breadcrumb\":{\"@id\":\"https:\/\/gotta.ee\/et\/teenindus-ja-hooldus\/#breadcrumb\"},\"inLanguage\":\"et\",\"potentialAction\":[{\"@type\":\"ReadAction\",\"target\":[\"https:\/\/gotta.ee\/et\/teenindus-ja-hooldus\/\"]}]},{\"@type\":\"ImageObject\",\"inLanguage\":\"et\",\"@id\":\"https:\/\/gotta.ee\/et\/teenindus-ja-hooldus\/#primaryimage\",\"url\":\"https:\/\/gotta.ee\/wp-content\/uploads\/2023\/04\/Reconstruction-of-pier-nr.-4-1.jpg\",\"contentUrl\":\"https:\/\/gotta.ee\/wp-content\/uploads\/2023\/04\/Reconstruction-of-pier-nr.-4-1.jpg\",\"width\":2000,\"height\":955},{\"@type\":\"BreadcrumbList\",\"@id\":\"https:\/\/gotta.ee\/et\/teenindus-ja-hooldus\/#breadcrumb\",\"itemListElement\":[{\"@type\":\"ListItem\",\"position\":1,\"name\":\"Home\",\"item\":\"https:\/\/gotta.ee\/et\/\"},{\"@type\":\"ListItem\",\"position\":2,\"name\":\"Teenindus ja hooldus\"}]},{\"@type\":\"WebSite\",\"@id\":\"https:\/\/gotta.ee\/#website\",\"url\":\"https:\/\/gotta.ee\/\",\"name\":\"GOTTA Port Services\",\"description\":\"\",\"publisher\":{\"@id\":\"https:\/\/gotta.ee\/#organization\"},\"potentialAction\":[{\"@type\":\"SearchAction\",\"target\":{\"@type\":\"EntryPoint\",\"urlTemplate\":\"https:\/\/gotta.ee\/?s={search_term_string}\"},\"query-input\":{\"@type\":\"PropertyValueSpecification\",\"valueRequired\":true,\"valueName\":\"search_term_string\"}}],\"inLanguage\":\"et\"},{\"@type\":\"Organization\",\"@id\":\"https:\/\/gotta.ee\/#organization\",\"name\":\"Gotta Port Services O\u00dc\",\"url\":\"https:\/\/gotta.ee\/\",\"logo\":{\"@type\":\"ImageObject\",\"inLanguage\":\"et\",\"@id\":\"https:\/\/gotta.ee\/#\/schema\/logo\/image\/\",\"url\":\"https:\/\/gotta.ee\/wp-content\/uploads\/2023\/03\/gotta.svg\",\"contentUrl\":\"https:\/\/gotta.ee\/wp-content\/uploads\/2023\/03\/gotta.svg\",\"width\":\"1024\",\"height\":\"1024\",\"caption\":\"Gotta Port Services O\u00dc\"},\"image\":{\"@id\":\"https:\/\/gotta.ee\/#\/schema\/logo\/image\/\"},\"sameAs\":[\"https:\/\/www.facebook.com\/profile.php?id=61550886191645\",\"https:\/\/www.linkedin.com\/company\/gotta-port-services\/\",\"https:\/\/www.instagram.com\/gottaps\/\"]}]}<\/script>\n<!-- \/ Yoast SEO plugin. -->","yoast_head_json":{"title":"Teenindus ja hooldus - GOTTA Port Services","robots":{"index":"index","follow":"follow","max-snippet":"max-snippet:-1","max-image-preview":"max-image-preview:large","max-video-preview":"max-video-preview:-1"},"canonical":"https:\/\/gotta.ee\/et\/teenindus-ja-hooldus\/","og_locale":"et_EE","og_type":"article","og_title":"Teenindus ja hooldus - GOTTA Port Services","og_url":"https:\/\/gotta.ee\/et\/teenindus-ja-hooldus\/","og_site_name":"GOTTA Port Services","article_publisher":"https:\/\/www.facebook.com\/profile.php?id=61550886191645","article_modified_time":"2023-11-05T11:53:38+00:00","og_image":[{"width":2000,"height":955,"url":"https:\/\/gotta.ee\/wp-content\/uploads\/2023\/04\/Reconstruction-of-pier-nr.-4-1.jpg","type":"image\/jpeg"}],"twitter_card":"summary_large_image","twitter_misc":{"Est. reading time":"1 minut"},"schema":{"@context":"https:\/\/schema.org","@graph":[{"@type":"WebPage","@id":"https:\/\/gotta.ee\/et\/teenindus-ja-hooldus\/","url":"https:\/\/gotta.ee\/et\/teenindus-ja-hooldus\/","name":"Teenindus ja hooldus - GOTTA Port Services","isPartOf":{"@id":"https:\/\/gotta.ee\/#website"},"primaryImageOfPage":{"@id":"https:\/\/gotta.ee\/et\/teenindus-ja-hooldus\/#primaryimage"},"image":{"@id":"https:\/\/gotta.ee\/et\/teenindus-ja-hooldus\/#primaryimage"},"thumbnailUrl":"https:\/\/gotta.ee\/wp-content\/uploads\/2023\/04\/Reconstruction-of-pier-nr.-4-1.jpg","datePublished":"2023-04-12T16:43:41+00:00","dateModified":"2023-11-05T11:53:38+00:00","breadcrumb":{"@id":"https:\/\/gotta.ee\/et\/teenindus-ja-hooldus\/#breadcrumb"},"inLanguage":"et","potentialAction":[{"@type":"ReadAction","target":["https:\/\/gotta.ee\/et\/teenindus-ja-hooldus\/"]}]},{"@type":"ImageObject","inLanguage":"et","@id":"https:\/\/gotta.ee\/et\/teenindus-ja-hooldus\/#primaryimage","url":"https:\/\/gotta.ee\/wp-content\/uploads\/2023\/04\/Reconstruction-of-pier-nr.-4-1.jpg","contentUrl":"https:\/\/gotta.ee\/wp-content\/uploads\/2023\/04\/Reconstruction-of-pier-nr.-4-1.jpg","width":2000,"height":955},{"@type":"BreadcrumbList","@id":"https:\/\/gotta.ee\/et\/teenindus-ja-hooldus\/#breadcrumb","itemListElement":[{"@type":"ListItem","position":1,"name":"Home","item":"https:\/\/gotta.ee\/et\/"},{"@type":"ListItem","position":2,"name":"Teenindus ja hooldus"}]},{"@type":"WebSite","@id":"https:\/\/gotta.ee\/#website","url":"https:\/\/gotta.ee\/","name":"GOTTA Port Services","description":"","publisher":{"@id":"https:\/\/gotta.ee\/#organization"},"potentialAction":[{"@type":"SearchAction","target":{"@type":"EntryPoint","urlTemplate":"https:\/\/gotta.ee\/?s={search_term_string}"},"query-input":{"@type":"PropertyValueSpecification","valueRequired":true,"valueName":"search_term_string"}}],"inLanguage":"et"},{"@type":"Organization","@id":"https:\/\/gotta.ee\/#organization","name":"Gotta Port Services O\u00dc","url":"https:\/\/gotta.ee\/","logo":{"@type":"ImageObject","inLanguage":"et","@id":"https:\/\/gotta.ee\/#\/schema\/logo\/image\/","url":"https:\/\/gotta.ee\/wp-content\/uploads\/2023\/03\/gotta.svg","contentUrl":"https:\/\/gotta.ee\/wp-content\/uploads\/2023\/03\/gotta.svg","width":"1024","height":"1024","caption":"Gotta Port Services O\u00dc"},"image":{"@id":"https:\/\/gotta.ee\/#\/schema\/logo\/image\/"},"sameAs":["https:\/\/www.facebook.com\/profile.php?id=61550886191645","https:\/\/www.linkedin.com\/company\/gotta-port-services\/","https:\/\/www.instagram.com\/gottaps\/"]}]}},"_links":{"self":[{"href":"https:\/\/gotta.ee\/et\/wp-json\/wp\/v2\/pages\/2992","targetHints":{"allow":["GET"]}}],"collection":[{"href":"https:\/\/gotta.ee\/et\/wp-json\/wp\/v2\/pages"}],"about":[{"href":"https:\/\/gotta.ee\/et\/wp-json\/wp\/v2\/types\/page"}],"author":[{"embeddable":true,"href":"https:\/\/gotta.ee\/et\/wp-json\/wp\/v2\/users\/1"}],"replies":[{"embeddable":true,"href":"https:\/\/gotta.ee\/et\/wp-json\/wp\/v2\/comments?post=2992"}],"version-history":[{"count":2,"href":"https:\/\/gotta.ee\/et\/wp-json\/wp\/v2\/pages\/2992\/revisions"}],"predecessor-version":[{"id":3013,"href":"https:\/\/gotta.ee\/et\/wp-json\/wp\/v2\/pages\/2992\/revisions\/3013"}],"wp:featuredmedia":[{"embeddable":true,"href":"https:\/\/gotta.ee\/et\/wp-json\/wp\/v2\/media\/2864"}],"wp:attachment":[{"href":"https:\/\/gotta.ee\/et\/wp-json\/wp\/v2\/media?parent=2992"}],"curies":[{"name":"wp","href":"https:\/\/api.w.org\/{rel}","templated":true}]}}