{"id":3243,"date":"2024-02-21T17:48:33","date_gmt":"2024-02-21T17:48:33","guid":{"rendered":"https:\/\/gotta.ee\/radio-navigation-equipment\/"},"modified":"2024-02-22T12:10:07","modified_gmt":"2024-02-22T12:10:07","slug":"raadionavigatsiooniseadmed","status":"publish","type":"page","link":"https:\/\/gotta.ee\/et\/raadionavigatsiooniseadmed\/","title":{"rendered":"Raadionavigatsiooniseadmed"},"content":{"rendered":"<section class=\"l-section wpb_row us_custom_a518f36e us_animate_this height_large\" id=\"Navi-Sailor ECDIS\"><div class=\"l-section-h i-cf\"><div class=\"g-cols vc_row via_flex valign_top type_default stacking_default\" style=\"--additional-gap:2vw;\"><div class=\"vc_col-sm-12 wpb_column vc_column_container\"><div class=\"vc_column-inner\"><div class=\"wpb_wrapper\"><div class=\"g-cols wpb_row via_flex valign_middle type_default reversed stacking_default\"><div class=\"vc_col-sm-8 wpb_column vc_column_container\"><div class=\"vc_column-inner\"><div class=\"wpb_wrapper\">[vc_custom_heading text=&#8221;Raadionavigatsiooniseadmed&#8221; font_container=&#8221;tag:h1|text_align:left&#8221; use_theme_fonts=&#8221;yes&#8221; css=&#8221;%7B%22default%22%3A%7B%22color%22%3A%22_content_primary%22%7D%7D&#8221;]<div class=\"w-separator size_small\"><\/div><div class=\"wpb_text_column us_custom_bbbea019\"><div class=\"wpb_wrapper\"><p>Meie ettev\u00f5te teostab j\u00e4rgmiste raadionavigatsiooniseadmete <span style=\"text-decoration: underline;\">survey&#8217;d<\/span>, <span style=\"text-decoration: underline;\">tehnilist hooldust<\/span>, <span style=\"text-decoration: underline;\">tarnimist<\/span> ja <span style=\"text-decoration: underline;\">paigaldust<\/span>:<\/p>\n<ul>\n<li>ECDIS &amp; ECS<\/li>\n<li>Radar<\/li>\n<li>G\u00fcrokompass<\/li>\n<li>Magnetkompass<\/li>\n<li>Reisiandmete salvestajad<\/li>\n<li>Kajalood<\/li>\n<li>Kiiruse logi<\/li>\n<li>Autopiloot<\/li>\n<li>GPS<\/li>\n<li>AIS<\/li>\n<li>Navtex<\/li>\n<li>Avarii akud<\/li>\n<li>Laeva internet sh. Starlink<\/li>\n<\/ul>\n<p>K\u00f5igi \u00fclalnimetatud seadmetega viiakse l\u00e4bi ka <span style=\"text-decoration: underline;\">laevapersonali koolitus<\/span>.<\/p>\n<\/div><\/div><div class=\"w-separator size_small\"><\/div><div class=\"wpb_text_column\"><div class=\"wpb_wrapper\"><p>K\u00f5ik <span style=\"text-decoration: underline;\">seadmed ja varuosad<\/span> tarnitakse j\u00e4rgmistelt tootjatelt:<\/p>\n<ul>\n<li>W\u00e4rtsil\u00e4<\/li>\n<li>Furuno<\/li>\n<li>Koden<\/li>\n<li>Ansch\u00fctz<\/li>\n<li>JRC<\/li>\n<\/ul>\n<p>T\u00f6\u00f6tame <span style=\"text-decoration: underline;\">igat t\u00fc\u00fcpi laevade pardal<\/span> k\u00f5igis suuremates rahvusvahelistel laevateedel asuvates sadamates.<\/p>\n<\/div><\/div><\/div><\/div><\/div><div class=\"vc_col-sm-4 wpb_column vc_column_container\"><div class=\"vc_column-inner\"><div class=\"wpb_wrapper\"><div class=\"w-image align_center\"><div class=\"w-image-h\"><img decoding=\"async\" width=\"2000\" height=\"2000\" src=\"https:\/\/gotta.ee\/wp-content\/uploads\/2024\/02\/BeFunky-collage-1-scaled.jpg\" class=\"attachment-full size-full\" alt=\"\" loading=\"lazy\" srcset=\"https:\/\/gotta.ee\/wp-content\/uploads\/2024\/02\/BeFunky-collage-1-scaled.jpg 2000w, https:\/\/gotta.ee\/wp-content\/uploads\/2024\/02\/BeFunky-collage-1-300x300.jpg 300w, https:\/\/gotta.ee\/wp-content\/uploads\/2024\/02\/BeFunky-collage-1-1024x1024.jpg 1024w, https:\/\/gotta.ee\/wp-content\/uploads\/2024\/02\/BeFunky-collage-1-150x150.jpg 150w, https:\/\/gotta.ee\/wp-content\/uploads\/2024\/02\/BeFunky-collage-1-600x600.jpg 600w\" sizes=\"auto, (max-width: 2000px) 100vw, 2000px\" \/><\/div><\/div><div class=\"w-image align_center\"><div class=\"w-image-h\"><img decoding=\"async\" width=\"2000\" height=\"1782\" src=\"https:\/\/gotta.ee\/wp-content\/uploads\/2024\/02\/BeFunky-collage-2-scaled.jpg\" class=\"attachment-full size-full\" alt=\"\" loading=\"lazy\" srcset=\"https:\/\/gotta.ee\/wp-content\/uploads\/2024\/02\/BeFunky-collage-2-scaled.jpg 2000w, https:\/\/gotta.ee\/wp-content\/uploads\/2024\/02\/BeFunky-collage-2-300x267.jpg 300w, https:\/\/gotta.ee\/wp-content\/uploads\/2024\/02\/BeFunky-collage-2-1024x912.jpg 1024w, https:\/\/gotta.ee\/wp-content\/uploads\/2024\/02\/BeFunky-collage-2-600x535.jpg 600w\" sizes=\"auto, (max-width: 2000px) 100vw, 2000px\" \/><\/div><\/div><\/div><\/div><\/div><\/div><\/div><\/div><\/div><\/div><\/div><\/section>\n","protected":false},"excerpt":{"rendered":"[vc_custom_heading text=\"Raadionavigatsiooniseadmed\" font_container=\"tag:h1|text_align:left\" use_theme_fonts=\"yes\" css=\"%7B%22default%22%3A%7B%22color%22%3A%22_content_primary%22%7D%7D\"]Meie ettev\u00f5te teostab j\u00e4rgmiste raadionavigatsiooniseadmete survey&#8217;d, tehnilist hooldust, tarnimist ja paigaldust: ECDIS &amp; ECS Radar G\u00fcrokompass Magnetkompass Reisiandmete salvestajad Kajalood Kiiruse logi Autopiloot GPS AIS Navtex Avarii akud Laeva internet sh. Starlink K\u00f5igi \u00fclalnimetatud seadmetega viiakse l\u00e4bi ka laevapersonali koolitus. K\u00f5ik seadmed ja varuosad tarnitakse j\u00e4rgmistelt tootjatelt: W\u00e4rtsil\u00e4 Furuno Koden Ansch\u00fctz...","protected":false},"author":2,"featured_media":2848,"parent":0,"menu_order":0,"comment_status":"closed","ping_status":"closed","template":"","meta":{"footnotes":""},"class_list":["post-3243","page","type-page","status-publish","has-post-thumbnail","hentry"],"yoast_head":"<!-- This site is optimized with the Yoast SEO plugin v27.2 - https:\/\/yoast.com\/product\/yoast-seo-wordpress\/ -->\n<title>Raadionavigatsiooniseadmed - GOTTA Port Services<\/title>\n<meta name=\"robots\" content=\"index, follow, max-snippet:-1, max-image-preview:large, max-video-preview:-1\" \/>\n<link rel=\"canonical\" href=\"https:\/\/gotta.ee\/et\/raadionavigatsiooniseadmed\/\" \/>\n<meta property=\"og:locale\" content=\"et_EE\" \/>\n<meta property=\"og:type\" content=\"article\" \/>\n<meta property=\"og:title\" content=\"Raadionavigatsiooniseadmed - GOTTA Port Services\" \/>\n<meta property=\"og:url\" content=\"https:\/\/gotta.ee\/et\/raadionavigatsiooniseadmed\/\" \/>\n<meta property=\"og:site_name\" content=\"GOTTA Port Services\" \/>\n<meta property=\"article:publisher\" content=\"https:\/\/www.facebook.com\/profile.php?id=61550886191645\" \/>\n<meta property=\"article:modified_time\" content=\"2024-02-22T12:10:07+00:00\" \/>\n<meta property=\"og:image\" content=\"https:\/\/gotta.ee\/wp-content\/uploads\/2023\/04\/Navigational-Simulators.jpg\" \/>\n\t<meta property=\"og:image:width\" content=\"2000\" \/>\n\t<meta property=\"og:image:height\" content=\"956\" \/>\n\t<meta property=\"og:image:type\" content=\"image\/jpeg\" \/>\n<meta name=\"twitter:card\" content=\"summary_large_image\" \/>\n<meta name=\"twitter:label1\" content=\"Est. reading time\" \/>\n\t<meta name=\"twitter:data1\" content=\"1 minut\" \/>\n<script type=\"application\/ld+json\" class=\"yoast-schema-graph\">{\"@context\":\"https:\/\/schema.org\",\"@graph\":[{\"@type\":\"WebPage\",\"@id\":\"https:\/\/gotta.ee\/et\/raadionavigatsiooniseadmed\/\",\"url\":\"https:\/\/gotta.ee\/et\/raadionavigatsiooniseadmed\/\",\"name\":\"Raadionavigatsiooniseadmed - GOTTA Port Services\",\"isPartOf\":{\"@id\":\"https:\/\/gotta.ee\/#website\"},\"primaryImageOfPage\":{\"@id\":\"https:\/\/gotta.ee\/et\/raadionavigatsiooniseadmed\/#primaryimage\"},\"image\":{\"@id\":\"https:\/\/gotta.ee\/et\/raadionavigatsiooniseadmed\/#primaryimage\"},\"thumbnailUrl\":\"https:\/\/gotta.ee\/wp-content\/uploads\/2023\/04\/Navigational-Simulators.jpg\",\"datePublished\":\"2024-02-21T17:48:33+00:00\",\"dateModified\":\"2024-02-22T12:10:07+00:00\",\"breadcrumb\":{\"@id\":\"https:\/\/gotta.ee\/et\/raadionavigatsiooniseadmed\/#breadcrumb\"},\"inLanguage\":\"et\",\"potentialAction\":[{\"@type\":\"ReadAction\",\"target\":[\"https:\/\/gotta.ee\/et\/raadionavigatsiooniseadmed\/\"]}]},{\"@type\":\"ImageObject\",\"inLanguage\":\"et\",\"@id\":\"https:\/\/gotta.ee\/et\/raadionavigatsiooniseadmed\/#primaryimage\",\"url\":\"https:\/\/gotta.ee\/wp-content\/uploads\/2023\/04\/Navigational-Simulators.jpg\",\"contentUrl\":\"https:\/\/gotta.ee\/wp-content\/uploads\/2023\/04\/Navigational-Simulators.jpg\",\"width\":2000,\"height\":956},{\"@type\":\"BreadcrumbList\",\"@id\":\"https:\/\/gotta.ee\/et\/raadionavigatsiooniseadmed\/#breadcrumb\",\"itemListElement\":[{\"@type\":\"ListItem\",\"position\":1,\"name\":\"Home\",\"item\":\"https:\/\/gotta.ee\/et\/\"},{\"@type\":\"ListItem\",\"position\":2,\"name\":\"Raadionavigatsiooniseadmed\"}]},{\"@type\":\"WebSite\",\"@id\":\"https:\/\/gotta.ee\/#website\",\"url\":\"https:\/\/gotta.ee\/\",\"name\":\"GOTTA Port Services\",\"description\":\"\",\"publisher\":{\"@id\":\"https:\/\/gotta.ee\/#organization\"},\"potentialAction\":[{\"@type\":\"SearchAction\",\"target\":{\"@type\":\"EntryPoint\",\"urlTemplate\":\"https:\/\/gotta.ee\/?s={search_term_string}\"},\"query-input\":{\"@type\":\"PropertyValueSpecification\",\"valueRequired\":true,\"valueName\":\"search_term_string\"}}],\"inLanguage\":\"et\"},{\"@type\":\"Organization\",\"@id\":\"https:\/\/gotta.ee\/#organization\",\"name\":\"Gotta Port Services O\u00dc\",\"url\":\"https:\/\/gotta.ee\/\",\"logo\":{\"@type\":\"ImageObject\",\"inLanguage\":\"et\",\"@id\":\"https:\/\/gotta.ee\/#\/schema\/logo\/image\/\",\"url\":\"https:\/\/gotta.ee\/wp-content\/uploads\/2023\/03\/gotta.svg\",\"contentUrl\":\"https:\/\/gotta.ee\/wp-content\/uploads\/2023\/03\/gotta.svg\",\"width\":\"1024\",\"height\":\"1024\",\"caption\":\"Gotta Port Services O\u00dc\"},\"image\":{\"@id\":\"https:\/\/gotta.ee\/#\/schema\/logo\/image\/\"},\"sameAs\":[\"https:\/\/www.facebook.com\/profile.php?id=61550886191645\",\"https:\/\/www.linkedin.com\/company\/gotta-port-services\/\",\"https:\/\/www.instagram.com\/gottaps\/\"]}]}<\/script>\n<!-- \/ Yoast SEO plugin. -->","yoast_head_json":{"title":"Raadionavigatsiooniseadmed - GOTTA Port Services","robots":{"index":"index","follow":"follow","max-snippet":"max-snippet:-1","max-image-preview":"max-image-preview:large","max-video-preview":"max-video-preview:-1"},"canonical":"https:\/\/gotta.ee\/et\/raadionavigatsiooniseadmed\/","og_locale":"et_EE","og_type":"article","og_title":"Raadionavigatsiooniseadmed - GOTTA Port Services","og_url":"https:\/\/gotta.ee\/et\/raadionavigatsiooniseadmed\/","og_site_name":"GOTTA Port Services","article_publisher":"https:\/\/www.facebook.com\/profile.php?id=61550886191645","article_modified_time":"2024-02-22T12:10:07+00:00","og_image":[{"width":2000,"height":956,"url":"https:\/\/gotta.ee\/wp-content\/uploads\/2023\/04\/Navigational-Simulators.jpg","type":"image\/jpeg"}],"twitter_card":"summary_large_image","twitter_misc":{"Est. reading time":"1 minut"},"schema":{"@context":"https:\/\/schema.org","@graph":[{"@type":"WebPage","@id":"https:\/\/gotta.ee\/et\/raadionavigatsiooniseadmed\/","url":"https:\/\/gotta.ee\/et\/raadionavigatsiooniseadmed\/","name":"Raadionavigatsiooniseadmed - GOTTA Port Services","isPartOf":{"@id":"https:\/\/gotta.ee\/#website"},"primaryImageOfPage":{"@id":"https:\/\/gotta.ee\/et\/raadionavigatsiooniseadmed\/#primaryimage"},"image":{"@id":"https:\/\/gotta.ee\/et\/raadionavigatsiooniseadmed\/#primaryimage"},"thumbnailUrl":"https:\/\/gotta.ee\/wp-content\/uploads\/2023\/04\/Navigational-Simulators.jpg","datePublished":"2024-02-21T17:48:33+00:00","dateModified":"2024-02-22T12:10:07+00:00","breadcrumb":{"@id":"https:\/\/gotta.ee\/et\/raadionavigatsiooniseadmed\/#breadcrumb"},"inLanguage":"et","potentialAction":[{"@type":"ReadAction","target":["https:\/\/gotta.ee\/et\/raadionavigatsiooniseadmed\/"]}]},{"@type":"ImageObject","inLanguage":"et","@id":"https:\/\/gotta.ee\/et\/raadionavigatsiooniseadmed\/#primaryimage","url":"https:\/\/gotta.ee\/wp-content\/uploads\/2023\/04\/Navigational-Simulators.jpg","contentUrl":"https:\/\/gotta.ee\/wp-content\/uploads\/2023\/04\/Navigational-Simulators.jpg","width":2000,"height":956},{"@type":"BreadcrumbList","@id":"https:\/\/gotta.ee\/et\/raadionavigatsiooniseadmed\/#breadcrumb","itemListElement":[{"@type":"ListItem","position":1,"name":"Home","item":"https:\/\/gotta.ee\/et\/"},{"@type":"ListItem","position":2,"name":"Raadionavigatsiooniseadmed"}]},{"@type":"WebSite","@id":"https:\/\/gotta.ee\/#website","url":"https:\/\/gotta.ee\/","name":"GOTTA Port Services","description":"","publisher":{"@id":"https:\/\/gotta.ee\/#organization"},"potentialAction":[{"@type":"SearchAction","target":{"@type":"EntryPoint","urlTemplate":"https:\/\/gotta.ee\/?s={search_term_string}"},"query-input":{"@type":"PropertyValueSpecification","valueRequired":true,"valueName":"search_term_string"}}],"inLanguage":"et"},{"@type":"Organization","@id":"https:\/\/gotta.ee\/#organization","name":"Gotta Port Services O\u00dc","url":"https:\/\/gotta.ee\/","logo":{"@type":"ImageObject","inLanguage":"et","@id":"https:\/\/gotta.ee\/#\/schema\/logo\/image\/","url":"https:\/\/gotta.ee\/wp-content\/uploads\/2023\/03\/gotta.svg","contentUrl":"https:\/\/gotta.ee\/wp-content\/uploads\/2023\/03\/gotta.svg","width":"1024","height":"1024","caption":"Gotta Port Services O\u00dc"},"image":{"@id":"https:\/\/gotta.ee\/#\/schema\/logo\/image\/"},"sameAs":["https:\/\/www.facebook.com\/profile.php?id=61550886191645","https:\/\/www.linkedin.com\/company\/gotta-port-services\/","https:\/\/www.instagram.com\/gottaps\/"]}]}},"_links":{"self":[{"href":"https:\/\/gotta.ee\/et\/wp-json\/wp\/v2\/pages\/3243","targetHints":{"allow":["GET"]}}],"collection":[{"href":"https:\/\/gotta.ee\/et\/wp-json\/wp\/v2\/pages"}],"about":[{"href":"https:\/\/gotta.ee\/et\/wp-json\/wp\/v2\/types\/page"}],"author":[{"embeddable":true,"href":"https:\/\/gotta.ee\/et\/wp-json\/wp\/v2\/users\/2"}],"replies":[{"embeddable":true,"href":"https:\/\/gotta.ee\/et\/wp-json\/wp\/v2\/comments?post=3243"}],"version-history":[{"count":3,"href":"https:\/\/gotta.ee\/et\/wp-json\/wp\/v2\/pages\/3243\/revisions"}],"predecessor-version":[{"id":3246,"href":"https:\/\/gotta.ee\/et\/wp-json\/wp\/v2\/pages\/3243\/revisions\/3246"}],"wp:featuredmedia":[{"embeddable":true,"href":"https:\/\/gotta.ee\/et\/wp-json\/wp\/v2\/media\/2848"}],"wp:attachment":[{"href":"https:\/\/gotta.ee\/et\/wp-json\/wp\/v2\/media?parent=3243"}],"curies":[{"name":"wp","href":"https:\/\/api.w.org\/{rel}","templated":true}]}}