{"id":3316,"date":"2024-09-30T08:46:18","date_gmt":"2024-09-30T08:46:18","guid":{"rendered":"https:\/\/gotta.ee\/?page_id=3316"},"modified":"2025-01-06T18:53:19","modified_gmt":"2025-01-06T18:53:19","slug":"laevamootorite-hooldus","status":"publish","type":"page","link":"https:\/\/gotta.ee\/et\/laevamootorite-hooldus\/","title":{"rendered":"Laevamootorite hooldus"},"content":{"rendered":"<section class=\"l-section wpb_row height_large\"><div class=\"l-section-h i-cf\"><div class=\"g-cols vc_row via_flex valign_top type_default stacking_default\"><div class=\"vc_col-sm-12 wpb_column vc_column_container\"><div class=\"vc_column-inner\"><div class=\"wpb_wrapper\">[vc_custom_heading text=&#8221;Laevamootorite hooldus&#8221; font_container=&#8221;tag:h1|text_align:left&#8221; use_theme_fonts=&#8221;yes&#8221;]<div class=\"wpb_text_column\"><div class=\"wpb_wrapper\"><p>Teostame laevade mehaaniliste seadmete, laevamootorite, abimasinate ja laevajuhtimiss\u00fcsteemide hooldust, remonti ja moderniseerimist.<br \/>\nTarnime varuosi\u00a0 tootjatelt nagu SCANIA, MAN, IVECO, VOLVO-PENTA, MTU, SISU ja CUMMINS.<br \/>\nMeie t\u00e4isvarustuse- ja RINA sertifikaadiga t\u00f6\u00f6koda v\u00f5imaldab mootorite, k\u00e4igukastide ja diiselgeneraatorite statsionaarset kapitaalremonti.<\/p>\n<p><span style=\"text-decoration: underline;\">T\u00f6\u00f6kojas on seadmed j\u00e4rgmisteks t\u00f6\u00f6deks:<\/span><\/p>\n<ul type=\"disc\">\n<li><span lang=\"ET\">Silindripeade remont<\/span>:\n<ul type=\"circle\">\n<li><span lang=\"ET\">Plokikaante survestamine<\/span><\/li>\n<li><span lang=\"ET\">Ploki ja silindripeade tasapindade lihvimine<\/span><\/li>\n<li><span lang=\"ET\">Ventiilipesade, klapijuhikute, pihustitopsi vahetus<\/span><\/li>\n<li><span lang=\"ET\">Jahutuss\u00fcsteemi pistikute vahetamine<\/span><\/li>\n<li><span lang=\"ET\">Ventiilide juhtpukside vahetamine<\/span><\/li>\n<li><span lang=\"ET\">Klapi tiheduse vaakumkatse<\/span><\/li>\n<li><span lang=\"ET\">Klapipesa puurimine<\/span><\/li>\n<\/ul>\n<\/li>\n<li><span lang=\"ET\">Pihustite survestamine ja remont<\/span><\/li>\n<li><span lang=\"ET\">Lukksepa t\u00f6\u00f6<\/span><\/li>\n<li><span lang=\"ET\">Treimis ja freesimist\u00f6\u00f6d, keevitust\u00f6\u00f6d<\/span><\/li>\n<li><span lang=\"ET\">Liivapritsit\u00f6\u00f6d, jetkeemiline survepesu, puhastamine klaasiga (\u0430lumiinium, teras, roostevaba teras, v\u00e4rvilised metallid)<\/span><\/li>\n<li><span lang=\"ET\">Erinevate mehhanismide remont:<\/span>\n<ul type=\"circle\">\n<li><span lang=\"ET\">Kompressorid<\/span><\/li>\n<li><span lang=\"ET\">Diiselgeneraatorid<\/span><\/li>\n<li><span lang=\"ET\">Separaatorid<\/span><\/li>\n<li><span lang=\"ET\">Pumbad<\/span><\/li>\n<li><span lang=\"ET\">Soojusvahetid<\/span><\/li>\n<li><span lang=\"ET\">H\u00fcdromootorid<\/span><\/li>\n<\/ul>\n<\/li>\n<\/ul>\n<p>Samuti saame t\u00f6\u00f6tada mobiilse tehnika\u00fcksuse ja projektijuhina.<\/p>\n<\/div><\/div><\/div><\/div><\/div><\/div><\/div><\/section>\n","protected":false},"excerpt":{"rendered":"[vc_custom_heading text=\"Laevamootorite hooldus\" font_container=\"tag:h1|text_align:left\" use_theme_fonts=\"yes\"]Teostame laevade mehaaniliste seadmete, laevamootorite, abimasinate ja laevajuhtimiss\u00fcsteemide hooldust, remonti ja moderniseerimist. Tarnime varuosi\u00a0 tootjatelt nagu SCANIA, MAN, IVECO, VOLVO-PENTA, MTU, SISU ja CUMMINS. Meie t\u00e4isvarustuse- ja RINA sertifikaadiga t\u00f6\u00f6koda v\u00f5imaldab mootorite, k\u00e4igukastide ja diiselgeneraatorite statsionaarset kapitaalremonti. T\u00f6\u00f6kojas on seadmed j\u00e4rgmisteks t\u00f6\u00f6deks: Silindripeade remont: Plokikaante survestamine Ploki ja silindripeade tasapindade lihvimine...","protected":false},"author":2,"featured_media":0,"parent":0,"menu_order":0,"comment_status":"closed","ping_status":"closed","template":"","meta":{"footnotes":""},"class_list":["post-3316","page","type-page","status-publish","hentry"],"yoast_head":"<!-- This site is optimized with the Yoast SEO plugin v27.2 - https:\/\/yoast.com\/product\/yoast-seo-wordpress\/ -->\n<title>Laevamootorite hooldus - GOTTA Port Services<\/title>\n<meta name=\"robots\" content=\"index, follow, max-snippet:-1, max-image-preview:large, max-video-preview:-1\" \/>\n<link rel=\"canonical\" href=\"https:\/\/gotta.ee\/et\/laevamootorite-hooldus\/\" \/>\n<meta property=\"og:locale\" content=\"et_EE\" \/>\n<meta property=\"og:type\" content=\"article\" \/>\n<meta property=\"og:title\" content=\"Laevamootorite hooldus - GOTTA Port Services\" \/>\n<meta property=\"og:url\" content=\"https:\/\/gotta.ee\/et\/laevamootorite-hooldus\/\" \/>\n<meta property=\"og:site_name\" content=\"GOTTA Port Services\" \/>\n<meta property=\"article:publisher\" content=\"https:\/\/www.facebook.com\/profile.php?id=61550886191645\" \/>\n<meta property=\"article:modified_time\" content=\"2025-01-06T18:53:19+00:00\" \/>\n<meta property=\"og:image\" content=\"https:\/\/gotta.ee\/wp-content\/uploads\/2023\/11\/Screen-Shot-2023-11-14-at-19.14.27-1024x613.png\" \/>\n\t<meta property=\"og:image:width\" content=\"1024\" \/>\n\t<meta property=\"og:image:height\" content=\"613\" \/>\n\t<meta property=\"og:image:type\" content=\"image\/png\" \/>\n<meta name=\"twitter:card\" content=\"summary_large_image\" \/>\n<meta name=\"twitter:label1\" content=\"Est. reading time\" \/>\n\t<meta name=\"twitter:data1\" content=\"1 minut\" \/>\n<script type=\"application\/ld+json\" class=\"yoast-schema-graph\">{\"@context\":\"https:\/\/schema.org\",\"@graph\":[{\"@type\":\"WebPage\",\"@id\":\"https:\/\/gotta.ee\/et\/laevamootorite-hooldus\/\",\"url\":\"https:\/\/gotta.ee\/et\/laevamootorite-hooldus\/\",\"name\":\"Laevamootorite hooldus - GOTTA Port Services\",\"isPartOf\":{\"@id\":\"https:\/\/gotta.ee\/#website\"},\"datePublished\":\"2024-09-30T08:46:18+00:00\",\"dateModified\":\"2025-01-06T18:53:19+00:00\",\"breadcrumb\":{\"@id\":\"https:\/\/gotta.ee\/et\/laevamootorite-hooldus\/#breadcrumb\"},\"inLanguage\":\"et\",\"potentialAction\":[{\"@type\":\"ReadAction\",\"target\":[\"https:\/\/gotta.ee\/et\/laevamootorite-hooldus\/\"]}]},{\"@type\":\"BreadcrumbList\",\"@id\":\"https:\/\/gotta.ee\/et\/laevamootorite-hooldus\/#breadcrumb\",\"itemListElement\":[{\"@type\":\"ListItem\",\"position\":1,\"name\":\"Home\",\"item\":\"https:\/\/gotta.ee\/et\/\"},{\"@type\":\"ListItem\",\"position\":2,\"name\":\"Laevamootorite hooldus\"}]},{\"@type\":\"WebSite\",\"@id\":\"https:\/\/gotta.ee\/#website\",\"url\":\"https:\/\/gotta.ee\/\",\"name\":\"GOTTA Port Services\",\"description\":\"\",\"publisher\":{\"@id\":\"https:\/\/gotta.ee\/#organization\"},\"potentialAction\":[{\"@type\":\"SearchAction\",\"target\":{\"@type\":\"EntryPoint\",\"urlTemplate\":\"https:\/\/gotta.ee\/?s={search_term_string}\"},\"query-input\":{\"@type\":\"PropertyValueSpecification\",\"valueRequired\":true,\"valueName\":\"search_term_string\"}}],\"inLanguage\":\"et\"},{\"@type\":\"Organization\",\"@id\":\"https:\/\/gotta.ee\/#organization\",\"name\":\"Gotta Port Services O\u00dc\",\"url\":\"https:\/\/gotta.ee\/\",\"logo\":{\"@type\":\"ImageObject\",\"inLanguage\":\"et\",\"@id\":\"https:\/\/gotta.ee\/#\/schema\/logo\/image\/\",\"url\":\"https:\/\/gotta.ee\/wp-content\/uploads\/2023\/03\/gotta.svg\",\"contentUrl\":\"https:\/\/gotta.ee\/wp-content\/uploads\/2023\/03\/gotta.svg\",\"width\":\"1024\",\"height\":\"1024\",\"caption\":\"Gotta Port Services O\u00dc\"},\"image\":{\"@id\":\"https:\/\/gotta.ee\/#\/schema\/logo\/image\/\"},\"sameAs\":[\"https:\/\/www.facebook.com\/profile.php?id=61550886191645\",\"https:\/\/www.linkedin.com\/company\/gotta-port-services\/\",\"https:\/\/www.instagram.com\/gottaps\/\"]}]}<\/script>\n<!-- \/ Yoast SEO plugin. -->","yoast_head_json":{"title":"Laevamootorite hooldus - GOTTA Port Services","robots":{"index":"index","follow":"follow","max-snippet":"max-snippet:-1","max-image-preview":"max-image-preview:large","max-video-preview":"max-video-preview:-1"},"canonical":"https:\/\/gotta.ee\/et\/laevamootorite-hooldus\/","og_locale":"et_EE","og_type":"article","og_title":"Laevamootorite hooldus - GOTTA Port Services","og_url":"https:\/\/gotta.ee\/et\/laevamootorite-hooldus\/","og_site_name":"GOTTA Port Services","article_publisher":"https:\/\/www.facebook.com\/profile.php?id=61550886191645","article_modified_time":"2025-01-06T18:53:19+00:00","og_image":[{"width":1024,"height":613,"url":"https:\/\/gotta.ee\/wp-content\/uploads\/2023\/11\/Screen-Shot-2023-11-14-at-19.14.27-1024x613.png","type":"image\/png"}],"twitter_card":"summary_large_image","twitter_misc":{"Est. reading time":"1 minut"},"schema":{"@context":"https:\/\/schema.org","@graph":[{"@type":"WebPage","@id":"https:\/\/gotta.ee\/et\/laevamootorite-hooldus\/","url":"https:\/\/gotta.ee\/et\/laevamootorite-hooldus\/","name":"Laevamootorite hooldus - GOTTA Port Services","isPartOf":{"@id":"https:\/\/gotta.ee\/#website"},"datePublished":"2024-09-30T08:46:18+00:00","dateModified":"2025-01-06T18:53:19+00:00","breadcrumb":{"@id":"https:\/\/gotta.ee\/et\/laevamootorite-hooldus\/#breadcrumb"},"inLanguage":"et","potentialAction":[{"@type":"ReadAction","target":["https:\/\/gotta.ee\/et\/laevamootorite-hooldus\/"]}]},{"@type":"BreadcrumbList","@id":"https:\/\/gotta.ee\/et\/laevamootorite-hooldus\/#breadcrumb","itemListElement":[{"@type":"ListItem","position":1,"name":"Home","item":"https:\/\/gotta.ee\/et\/"},{"@type":"ListItem","position":2,"name":"Laevamootorite hooldus"}]},{"@type":"WebSite","@id":"https:\/\/gotta.ee\/#website","url":"https:\/\/gotta.ee\/","name":"GOTTA Port Services","description":"","publisher":{"@id":"https:\/\/gotta.ee\/#organization"},"potentialAction":[{"@type":"SearchAction","target":{"@type":"EntryPoint","urlTemplate":"https:\/\/gotta.ee\/?s={search_term_string}"},"query-input":{"@type":"PropertyValueSpecification","valueRequired":true,"valueName":"search_term_string"}}],"inLanguage":"et"},{"@type":"Organization","@id":"https:\/\/gotta.ee\/#organization","name":"Gotta Port Services O\u00dc","url":"https:\/\/gotta.ee\/","logo":{"@type":"ImageObject","inLanguage":"et","@id":"https:\/\/gotta.ee\/#\/schema\/logo\/image\/","url":"https:\/\/gotta.ee\/wp-content\/uploads\/2023\/03\/gotta.svg","contentUrl":"https:\/\/gotta.ee\/wp-content\/uploads\/2023\/03\/gotta.svg","width":"1024","height":"1024","caption":"Gotta Port Services O\u00dc"},"image":{"@id":"https:\/\/gotta.ee\/#\/schema\/logo\/image\/"},"sameAs":["https:\/\/www.facebook.com\/profile.php?id=61550886191645","https:\/\/www.linkedin.com\/company\/gotta-port-services\/","https:\/\/www.instagram.com\/gottaps\/"]}]}},"_links":{"self":[{"href":"https:\/\/gotta.ee\/et\/wp-json\/wp\/v2\/pages\/3316","targetHints":{"allow":["GET"]}}],"collection":[{"href":"https:\/\/gotta.ee\/et\/wp-json\/wp\/v2\/pages"}],"about":[{"href":"https:\/\/gotta.ee\/et\/wp-json\/wp\/v2\/types\/page"}],"author":[{"embeddable":true,"href":"https:\/\/gotta.ee\/et\/wp-json\/wp\/v2\/users\/2"}],"replies":[{"embeddable":true,"href":"https:\/\/gotta.ee\/et\/wp-json\/wp\/v2\/comments?post=3316"}],"version-history":[{"count":5,"href":"https:\/\/gotta.ee\/et\/wp-json\/wp\/v2\/pages\/3316\/revisions"}],"predecessor-version":[{"id":3929,"href":"https:\/\/gotta.ee\/et\/wp-json\/wp\/v2\/pages\/3316\/revisions\/3929"}],"wp:attachment":[{"href":"https:\/\/gotta.ee\/et\/wp-json\/wp\/v2\/media?parent=3316"}],"curies":[{"name":"wp","href":"https:\/\/api.w.org\/{rel}","templated":true}]}}